{"id":1868,"date":"2018-05-16T08:14:31","date_gmt":"2018-05-16T06:14:31","guid":{"rendered":"https:\/\/www.bikilo-running.es\/blog\/?page_id=1868"},"modified":"2021-10-25T17:52:14","modified_gmt":"2021-10-25T15:52:14","slug":"contacto","status":"publish","type":"page","link":"https:\/\/www.bikilo-running.es\/blog\/contacto\/","title":{"rendered":"Contacto"},"content":{"rendered":"<div class=\"wrapper wrapper-style2 wrapper-first\" >\n<article class=\"container\" id=\"top\">\n<div class=\"row\" style=\"margin-bottom:5em;\">\n<header>\n<h3>Cont\u00e1ctanos para contratar tu plan de entrenamiento personalizado o resolver tus dudas<\/h3>\n<\/header><\/div>\n<div class=\"row\">\n<div class=\"col-md-5 col-xs-12\">\n\t\t\t<span class=\"me image image-full\"><img decoding=\"async\" src=\"https:\/\/www.bikilo-running.es\/blog\/wp-content\/uploads\/2018\/05\/plan-entrenamiento-running.jpg\" alt=\"\" \/><\/span>\n\t\t\t<\/div>\n<div class=\"col-md-7 col-xs-12\">\n<div style=\"font-size:0.8em;\">\n<p>Quiz\u00e1 ya tienes claro que te podr\u00edamos ayudar a mejorar como corredor y quieres entrenar con nosotros. Entonces, cont\u00e1ctanos.<br \/> Pero si todav\u00eda no acabas de ver claro si podemos ser la mejor soluci\u00f3n para ti, cont\u00e1ctanos tambi\u00e9n y cu\u00e9ntanos tu caso y tus dudas. As\u00ed analizaremos la situaci\u00f3n contigo y aclararemos si esto es lo mejor para ti o no.<\/p>\n<p>Tambi\u00e9n puedes escribirnos a <b>info@bikilo-running.es<\/b><\/p>\n<\/p><\/div>\n\n<div class=\"wpcf7 no-js\" id=\"wpcf7-f1867-o1\" lang=\"es-ES\" dir=\"ltr\" data-wpcf7-id=\"1867\">\n<div class=\"screen-reader-response\"><p role=\"status\" aria-live=\"polite\" aria-atomic=\"true\"><\/p> <ul><\/ul><\/div>\n<form action=\"\/blog\/wp-json\/wp\/v2\/pages\/1868#wpcf7-f1867-o1\" method=\"post\" class=\"wpcf7-form init\" aria-label=\"Formulario de contacto\" novalidate=\"novalidate\" data-status=\"init\">\n<fieldset class=\"hidden-fields-container\"><input type=\"hidden\" name=\"_wpcf7\" value=\"1867\" \/><input type=\"hidden\" name=\"_wpcf7_version\" value=\"6.1.5\" \/><input type=\"hidden\" name=\"_wpcf7_locale\" value=\"es_ES\" \/><input type=\"hidden\" name=\"_wpcf7_unit_tag\" value=\"wpcf7-f1867-o1\" \/><input type=\"hidden\" name=\"_wpcf7_container_post\" value=\"0\" \/><input type=\"hidden\" name=\"_wpcf7_posted_data_hash\" value=\"\" \/><input type=\"hidden\" name=\"_wpcf7_recaptcha_response\" value=\"\" \/>\n<\/fieldset>\n<p><label style=\"font-size:0.8em;\" > Nombre (requerido)<br \/>\n<span class=\"wpcf7-form-control-wrap\" data-name=\"your-name\"><input size=\"90\" maxlength=\"400\" class=\"wpcf7-form-control wpcf7-text wpcf7-validates-as-required\" aria-required=\"true\" aria-invalid=\"false\" value=\"\" type=\"text\" name=\"your-name\" \/><\/span> <\/label>\n<\/p>\n<p><label style=\"font-size:0.8em;\"> Tu correo electr\u00f3nico (requerido)<br \/>\n<span class=\"wpcf7-form-control-wrap\" data-name=\"your-email\"><input size=\"90\" maxlength=\"400\" class=\"wpcf7-form-control wpcf7-email wpcf7-validates-as-required wpcf7-text wpcf7-validates-as-email\" aria-required=\"true\" aria-invalid=\"false\" value=\"\" type=\"email\" name=\"your-email\" \/><\/span> <\/label>\n<\/p>\n<p><label style=\"font-size:0.8em;\"> Asunto<br \/>\n<span class=\"wpcf7-form-control-wrap\" data-name=\"your-subject\"><input size=\"90\" maxlength=\"400\" class=\"wpcf7-form-control wpcf7-text\" aria-invalid=\"false\" value=\"\" type=\"text\" name=\"your-subject\" \/><\/span> <\/label>\n<\/p>\n<p><label style=\"font-size:0.8em;\"> Cu\u00e9ntanos en qu\u00e9 podemos ayudarte<br \/>\n<span class=\"wpcf7-form-control-wrap\" data-name=\"your-message\"><textarea cols=\"90\" rows=\"5\" maxlength=\"2000\" class=\"wpcf7-form-control wpcf7-textarea\" aria-invalid=\"false\" name=\"your-message\"><\/textarea><\/span> <\/label>\n<\/p>\n<p><label style=\"font-size:0.7em;\"><br \/>\n<span class=\"wpcf7-form-control-wrap\" data-name=\"Consentimientocontc\"><span class=\"wpcf7-form-control wpcf7-acceptance\"><span class=\"wpcf7-list-item\"><input type=\"checkbox\" name=\"Consentimientocontc\" value=\"1\" id=\"Consentimiento\" aria-invalid=\"false\" \/><\/span><\/span><\/span> He l\u00e9ido y acepto la Pol\u00edtica de Privacidad<\/label>\n<\/p>\n<div style=\"font-size:0.6em; padding-bottom:1em;\">\n\t<p>*La aceptaci\u00f3n de la <a href=\"https:\/\/www.bikilo-running.es\/blog\/politica-privacidad\/\">Pol\u00edtica de Privacidad<\/a> es necesaria para que se env\u00ede el mensaje\n\t<\/p>\n<\/div>\n<p><input class=\"wpcf7-form-control wpcf7-submit has-spinner submit btn btn-primary\" id=\"enviar\" type=\"submit\" value=\"Enviar mensaje\" \/>\n<\/p>\n<div style=\"font-size:0.6em;line-height:1em;border-top:1px solid #c8c8c8;padding-top:0.5em;\">\n\t<p>Bikilo Running te informa que los datos de car\u00e1cter personal que nos proporciones rellenando el presente formulario ser\u00e1n tratados por <b>Otsu Sport S.L.<\/b> como responsable de esta web. <b>Finalidad de la recogida y tratamiento de los datos personales<\/b>: proporcionar informaci\u00f3n sobre la consulta realizada o producto indicado. Legitimaci\u00f3n: Consentimiento del interesado. <b>Destinatarios<\/b>: Bikilo Running. <b>Derecho<\/b>s: Podr\u00e1s ejercer tus derechos de acceso, rectificaci\u00f3n, limitaci\u00f3n y suprimir los datos en info@bikilo-running.es as\u00ed como el derecho a presentar una reclamaci\u00f3n ante una autoridad de control. Puedes consultar la informaci\u00f3n adicional y detallada sobre Protecci\u00f3n de Datos en nuestra web: bikilo-running.es, dentro de nuestra <a href=\"https:\/\/www.bikilo-running.es\/blog\/politica-privacidad\/\">Pol\u00edtica de Privacidad<\/a>.\n\t<\/p>\n<\/div><p style=\"display: none !important;\" class=\"akismet-fields-container\" data-prefix=\"_wpcf7_ak_\"><label>&#916;<textarea name=\"_wpcf7_ak_hp_textarea\" cols=\"45\" rows=\"8\" maxlength=\"100\"><\/textarea><\/label><input type=\"hidden\" id=\"ak_js_1\" name=\"_wpcf7_ak_js\" value=\"207\"\/><script type=\"text\/javascript\">\n\/* <![CDATA[ *\/\ndocument.getElementById( \"ak_js_1\" ).setAttribute( \"value\", ( new Date() ).getTime() );\n\/* ]]> *\/\n<\/script>\n<\/p><div class=\"wpcf7-response-output\" aria-hidden=\"true\"><\/div>\n<\/form>\n<\/div>\n<\/div>\n<\/p><\/div>\n<\/article>\n<\/div>\n","protected":false},"excerpt":{"rendered":"<p>Cont&aacute;ctanos para contratar tu plan de entrenamiento personalizado o resolver tus dudas Quiz&aacute; ya tienes claro que te podr&iacute;amos ayudar a mejorar como corredor y <span class=\"ellipsis\">&hellip;<\/span> <span class=\"entry-more-link-wrapper\"><a href=\"https:\/\/www.bikilo-running.es\/blog\/contacto\/\" class=\"entry-more-link entry-more-link-excerpt btn btn-primary\"><span>Leer m\u00e1s<\/span><\/a><\/span><\/p>\n","protected":false},"author":1,"featured_media":0,"parent":0,"menu_order":0,"comment_status":"closed","ping_status":"closed","template":"template-full-width.php","meta":{"footnotes":""},"class_list":["post-1868","page","type-page","status-publish","hentry"],"yoast_head":"<!-- This site is optimized with the Yoast SEO plugin v27.5 - https:\/\/yoast.com\/product\/yoast-seo-wordpress\/ -->\n<title>Contacto - Entrenador online marat\u00f3n - Toni Pe\u00f1a<\/title>\n<meta name=\"description\" content=\"Cont\u00e1ctanos para contratar tu plan de entrenamiento personalizado o resolver tus dudas Quiz\u00e1 ya tienes claro que te podr\u00edamos ayudar a mejorar como\" \/>\n<meta name=\"robots\" content=\"index, follow, max-snippet:-1, max-image-preview:large, max-video-preview:-1\" \/>\n<link rel=\"canonical\" href=\"https:\/\/www.bikilo-running.es\/blog\/contacto\/\" \/>\n<meta property=\"og:locale\" content=\"es_ES\" \/>\n<meta property=\"og:type\" content=\"article\" \/>\n<meta property=\"og:title\" content=\"Contacto - Entrenador online marat\u00f3n - Toni Pe\u00f1a\" \/>\n<meta property=\"og:description\" content=\"Cont\u00e1ctanos para contratar tu plan de entrenamiento personalizado o resolver tus dudas Quiz\u00e1 ya tienes claro que te podr\u00edamos ayudar a mejorar como\" \/>\n<meta property=\"og:url\" content=\"https:\/\/www.bikilo-running.es\/blog\/contacto\/\" \/>\n<meta property=\"og:site_name\" content=\"Entrenador online marat\u00f3n - Toni Pe\u00f1a\" \/>\n<meta property=\"article:modified_time\" content=\"2021-10-25T15:52:14+00:00\" \/>\n<meta property=\"og:image\" content=\"https:\/\/www.bikilo-running.es\/blog\/wp-content\/uploads\/2018\/05\/plan-entrenamiento-running.jpg\" \/>\n<script type=\"application\/ld+json\" class=\"yoast-schema-graph\">{\"@context\":\"https:\\\/\\\/schema.org\",\"@graph\":[{\"@type\":\"WebPage\",\"@id\":\"https:\\\/\\\/www.bikilo-running.es\\\/blog\\\/contacto\\\/\",\"url\":\"https:\\\/\\\/www.bikilo-running.es\\\/blog\\\/contacto\\\/\",\"name\":\"Contacto - Entrenador online marat\u00f3n - Toni Pe\u00f1a\",\"isPartOf\":{\"@id\":\"https:\\\/\\\/www.bikilo-running.es\\\/blog\\\/#website\"},\"primaryImageOfPage\":{\"@id\":\"https:\\\/\\\/www.bikilo-running.es\\\/blog\\\/contacto\\\/#primaryimage\"},\"image\":{\"@id\":\"https:\\\/\\\/www.bikilo-running.es\\\/blog\\\/contacto\\\/#primaryimage\"},\"thumbnailUrl\":\"https:\\\/\\\/www.bikilo-running.es\\\/blog\\\/wp-content\\\/uploads\\\/2018\\\/05\\\/plan-entrenamiento-running.jpg\",\"datePublished\":\"2018-05-16T06:14:31+00:00\",\"dateModified\":\"2021-10-25T15:52:14+00:00\",\"description\":\"Cont\u00e1ctanos para contratar tu plan de entrenamiento personalizado o resolver tus dudas Quiz\u00e1 ya tienes claro que te podr\u00edamos ayudar a mejorar como\",\"breadcrumb\":{\"@id\":\"https:\\\/\\\/www.bikilo-running.es\\\/blog\\\/contacto\\\/#breadcrumb\"},\"inLanguage\":\"es\",\"potentialAction\":[{\"@type\":\"ReadAction\",\"target\":[\"https:\\\/\\\/www.bikilo-running.es\\\/blog\\\/contacto\\\/\"]}]},{\"@type\":\"ImageObject\",\"inLanguage\":\"es\",\"@id\":\"https:\\\/\\\/www.bikilo-running.es\\\/blog\\\/contacto\\\/#primaryimage\",\"url\":\"https:\\\/\\\/www.bikilo-running.es\\\/blog\\\/wp-content\\\/uploads\\\/2018\\\/05\\\/plan-entrenamiento-running.jpg\",\"contentUrl\":\"https:\\\/\\\/www.bikilo-running.es\\\/blog\\\/wp-content\\\/uploads\\\/2018\\\/05\\\/plan-entrenamiento-running.jpg\",\"width\":400,\"height\":400,\"caption\":\"960 Grid System: http:\\\/\\\/960.gs\"},{\"@type\":\"BreadcrumbList\",\"@id\":\"https:\\\/\\\/www.bikilo-running.es\\\/blog\\\/contacto\\\/#breadcrumb\",\"itemListElement\":[{\"@type\":\"ListItem\",\"position\":1,\"name\":\"Portada\",\"item\":\"https:\\\/\\\/www.bikilo-running.es\\\/blog\\\/\"},{\"@type\":\"ListItem\",\"position\":2,\"name\":\"Contacto\"}]},{\"@type\":\"WebSite\",\"@id\":\"https:\\\/\\\/www.bikilo-running.es\\\/blog\\\/#website\",\"url\":\"https:\\\/\\\/www.bikilo-running.es\\\/blog\\\/\",\"name\":\"Entrenador online marat\u00f3n - Toni Pe\u00f1a\",\"description\":\"Planes de entrenamiento running, consejos y recomendaciones de la mano de Toni Pe\u00f1a.\",\"potentialAction\":[{\"@type\":\"SearchAction\",\"target\":{\"@type\":\"EntryPoint\",\"urlTemplate\":\"https:\\\/\\\/www.bikilo-running.es\\\/blog\\\/?s={search_term_string}\"},\"query-input\":{\"@type\":\"PropertyValueSpecification\",\"valueRequired\":true,\"valueName\":\"search_term_string\"}}],\"inLanguage\":\"es\"}]}<\/script>\n<!-- \/ Yoast SEO plugin. -->","yoast_head_json":{"title":"Contacto - Entrenador online marat\u00f3n - Toni Pe\u00f1a","description":"Cont\u00e1ctanos para contratar tu plan de entrenamiento personalizado o resolver tus dudas Quiz\u00e1 ya tienes claro que te podr\u00edamos ayudar a mejorar como","robots":{"index":"index","follow":"follow","max-snippet":"max-snippet:-1","max-image-preview":"max-image-preview:large","max-video-preview":"max-video-preview:-1"},"canonical":"https:\/\/www.bikilo-running.es\/blog\/contacto\/","og_locale":"es_ES","og_type":"article","og_title":"Contacto - Entrenador online marat\u00f3n - Toni Pe\u00f1a","og_description":"Cont\u00e1ctanos para contratar tu plan de entrenamiento personalizado o resolver tus dudas Quiz\u00e1 ya tienes claro que te podr\u00edamos ayudar a mejorar como","og_url":"https:\/\/www.bikilo-running.es\/blog\/contacto\/","og_site_name":"Entrenador online marat\u00f3n - Toni Pe\u00f1a","article_modified_time":"2021-10-25T15:52:14+00:00","og_image":[{"url":"https:\/\/www.bikilo-running.es\/blog\/wp-content\/uploads\/2018\/05\/plan-entrenamiento-running.jpg","type":"","width":"","height":""}],"schema":{"@context":"https:\/\/schema.org","@graph":[{"@type":"WebPage","@id":"https:\/\/www.bikilo-running.es\/blog\/contacto\/","url":"https:\/\/www.bikilo-running.es\/blog\/contacto\/","name":"Contacto - Entrenador online marat\u00f3n - Toni Pe\u00f1a","isPartOf":{"@id":"https:\/\/www.bikilo-running.es\/blog\/#website"},"primaryImageOfPage":{"@id":"https:\/\/www.bikilo-running.es\/blog\/contacto\/#primaryimage"},"image":{"@id":"https:\/\/www.bikilo-running.es\/blog\/contacto\/#primaryimage"},"thumbnailUrl":"https:\/\/www.bikilo-running.es\/blog\/wp-content\/uploads\/2018\/05\/plan-entrenamiento-running.jpg","datePublished":"2018-05-16T06:14:31+00:00","dateModified":"2021-10-25T15:52:14+00:00","description":"Cont\u00e1ctanos para contratar tu plan de entrenamiento personalizado o resolver tus dudas Quiz\u00e1 ya tienes claro que te podr\u00edamos ayudar a mejorar como","breadcrumb":{"@id":"https:\/\/www.bikilo-running.es\/blog\/contacto\/#breadcrumb"},"inLanguage":"es","potentialAction":[{"@type":"ReadAction","target":["https:\/\/www.bikilo-running.es\/blog\/contacto\/"]}]},{"@type":"ImageObject","inLanguage":"es","@id":"https:\/\/www.bikilo-running.es\/blog\/contacto\/#primaryimage","url":"https:\/\/www.bikilo-running.es\/blog\/wp-content\/uploads\/2018\/05\/plan-entrenamiento-running.jpg","contentUrl":"https:\/\/www.bikilo-running.es\/blog\/wp-content\/uploads\/2018\/05\/plan-entrenamiento-running.jpg","width":400,"height":400,"caption":"960 Grid System: http:\/\/960.gs"},{"@type":"BreadcrumbList","@id":"https:\/\/www.bikilo-running.es\/blog\/contacto\/#breadcrumb","itemListElement":[{"@type":"ListItem","position":1,"name":"Portada","item":"https:\/\/www.bikilo-running.es\/blog\/"},{"@type":"ListItem","position":2,"name":"Contacto"}]},{"@type":"WebSite","@id":"https:\/\/www.bikilo-running.es\/blog\/#website","url":"https:\/\/www.bikilo-running.es\/blog\/","name":"Entrenador online marat\u00f3n - Toni Pe\u00f1a","description":"Planes de entrenamiento running, consejos y recomendaciones de la mano de Toni Pe\u00f1a.","potentialAction":[{"@type":"SearchAction","target":{"@type":"EntryPoint","urlTemplate":"https:\/\/www.bikilo-running.es\/blog\/?s={search_term_string}"},"query-input":{"@type":"PropertyValueSpecification","valueRequired":true,"valueName":"search_term_string"}}],"inLanguage":"es"}]}},"_links":{"self":[{"href":"https:\/\/www.bikilo-running.es\/blog\/wp-json\/wp\/v2\/pages\/1868","targetHints":{"allow":["GET"]}}],"collection":[{"href":"https:\/\/www.bikilo-running.es\/blog\/wp-json\/wp\/v2\/pages"}],"about":[{"href":"https:\/\/www.bikilo-running.es\/blog\/wp-json\/wp\/v2\/types\/page"}],"author":[{"embeddable":true,"href":"https:\/\/www.bikilo-running.es\/blog\/wp-json\/wp\/v2\/users\/1"}],"replies":[{"embeddable":true,"href":"https:\/\/www.bikilo-running.es\/blog\/wp-json\/wp\/v2\/comments?post=1868"}],"version-history":[{"count":13,"href":"https:\/\/www.bikilo-running.es\/blog\/wp-json\/wp\/v2\/pages\/1868\/revisions"}],"predecessor-version":[{"id":7178,"href":"https:\/\/www.bikilo-running.es\/blog\/wp-json\/wp\/v2\/pages\/1868\/revisions\/7178"}],"wp:attachment":[{"href":"https:\/\/www.bikilo-running.es\/blog\/wp-json\/wp\/v2\/media?parent=1868"}],"curies":[{"name":"wp","href":"https:\/\/api.w.org\/{rel}","templated":true}]}}