{"id":2439,"date":"2018-11-19T08:29:13","date_gmt":"2018-11-19T06:29:13","guid":{"rendered":"https:\/\/www.bikilo-running.es\/blog\/?page_id=2439"},"modified":"2024-06-15T08:45:10","modified_gmt":"2024-06-15T06:45:10","slug":"ebook-maraton","status":"publish","type":"page","link":"https:\/\/www.bikilo-running.es\/blog\/ebook-maraton\/","title":{"rendered":"Ebook marat\u00f3n"},"content":{"rendered":"<div id=\"principal\" >\n<div class=\"row\" style=\"width: 75%; margin: -4px auto 0 auto; \">\n<div>\n<h4 style=\"margin-top: -1em\"><em>\u00a1Eih! maratoniano: \u00bfEst\u00e1s confundido preparando tu marat\u00f3n y temes pagar el d\u00eda de la carrera los errores que est\u00e1s cometiendo?<\/em><\/h4>\n<hr>\n<h3 style=\"text-align:center; margin-bottom: 1em;\">ENFRENTA TU MARAT\u00d3N SO\u00d1ADA CON M\u00c1S CONFIANZA Y GARANT\u00cdAS GUIADO POR TONI PE\u00d1A<\/h3>\n<hr style=\"margin-top: 1em;\">\n<h5 style=\"text-align:center\">Disp\u00f3n del mapa completo hacia tu objetivo, reconoce errores que comet\u00edas y aprende a gestionar tu cabeza.<\/h5>\n<\/p><\/div>\n<div class=\"wrapper-style2\">\n&nbsp;<\/p>\n<p>\u00bfHas acabado mal alguna marat\u00f3n y no te explicas por qu\u00e9?<\/p>\n<p>\u00bfTe confunden los ciclos de entrenamiento y no sabes por d\u00f3nde empezar a organizar tu temporada?<\/p>\n<p>\u00bfNo entiendes tu entrenamiento ni sabes c\u00f3mo reaccionar en diferentes situaciones?<\/p>\n<p><b>Sea tu primera marat\u00f3n o no, encarar esta prueba siempre intimida.<\/b> Es una prueba suficientemente larga y exigente como para llevarte al l\u00edmite. Las dudas y la vulnerabilidad te invaden desde el principio.<\/p>\n<p><b>Quieres saberlo y controlarlo todo sobre este reto.<\/b><\/p>\n<p>Buscas informaci\u00f3n por aqu\u00ed y por all\u00e1. Preguntas a otros corredores. Compartes tus inquietudes y sigues explorando. Aparecen las contradicciones y acabas m\u00e1s confundido de lo que empezaste.<\/p>\n<p>Hoy en d\u00eda hay tanta informaci\u00f3n al alcance que es dif\u00edcil saber con qu\u00e9 quedarse.<\/p>\n<\/p><\/div>\n<div class=\"wrapper-style2\">\n             &nbsp;<\/p>\n<h3>Pero, \u00bfy si tuvieras el mapa hasta tu objetivo?<\/h3>\n<p>Conocer el camino y tomar conciencia de todo lo que implica enfrentar una marat\u00f3n te har\u00e1 avanzar m\u00e1s seguro y confiado.<\/p>\n<p><b>Podr\u00e1s entender qu\u00e9 pasa en cada momento. Disipar\u00e1s dudas. Reducir\u00e1s el riesgo de errores. Enfrentar\u00e1s la carrera con m\u00e1s garant\u00edas. Disfrutar\u00e1s m\u00e1s de todo el proceso eliminando inseguridades.<\/b><\/p>\n<\/p><\/div>\n<div class=\"wrapper-style2\">\n             &nbsp;<\/p>\n<h3>Ahora tienes todo esto a tu alcance.<\/h3>\n<h4>Toda mi experiencia, conocimiento, an\u00e9cdotas y aprendizajes est\u00e1n aqu\u00ed ordenados y desgranados para ti. Para ayudarte a sufrir y disfrutar de la marat\u00f3n tanto como yo lo he hecho.<\/h4>\n<p>Para que puedas cruzar la meta agotado pero con los ojos brillando por la excitaci\u00f3n de la superaci\u00f3n personal conseguida.<\/p>\n<p>Te ayudo a tomar conciencia de todo lo que implica afrontar esta prueba. Conocer\u00e1s el camino correcto de su preparaci\u00f3n, c\u00f3mo encarar el d\u00eda de la carrera y la recuperaci\u00f3n posterior.<\/p>\n<p><b>No me he guardado nada. Lo tienes todo en el ebook \u201cObjetivo: marat\u00f3n\u201d.<\/b><\/p>\n<p>No tienes por qu\u00e9 renunciar a tu sue\u00f1o de correr una marat\u00f3n ni vivir con miedo y desconfianza el camino.<\/p>\n<p>             <!--<a class=\"button-compra\" href=\"https:\/\/transactions.sendowl.com\/products\/77939367\/D766019E\/view\" rel=\"nofollow\">\u00a1Quiero ese ebook (y sus bonus) ya!<\/a><script type=\"text\/javascript\" src=\"https:\/\/transactions.sendowl.com\/assets\/sendowl.js\"><\/script>-->\n             <\/div>\n<div class=\"wrapper-style2\">\n                &nbsp;<\/p>\n<h3>\u00bfPor qu\u00e9 puedo decirte esto?<\/h3>\n<div class=\"col-md-6 col-xs-12\">\n\t\t\t\t<span class=\"me image image-full\"><img loading=\"lazy\" decoding=\"async\" style=\"border-radius:50%; overflow:hidden;\" src=\"https:\/\/www.bikilo-running.es\/blog\/wp-content\/uploads\/2020\/08\/toni-pena-3_baja.jpg\" alt=\"gu\u00eda objetivo maraton\" width=\"420\" height=\"420\" class=\"size-full wp-image-1650\"\/><\/span>\n\t\t\t<\/div>\n<div class=\"col-md-6 col-xs-12\" style=\"padding-left: 40px;\">\n<p>Soy Toni Pe\u00f1a y llevo m\u00e1s de 20 a\u00f1os vinculado al mundo del atletismo.<\/p>\n<p>He corrido (y sufrido) m\u00e1s de 20 maratones. Unas veces con m\u00e1s acierto que otras. He cometido errores y he aprendido. He vivido en mis propias carnes lo que es luchar una marca hasta la extenuaci\u00f3n.<\/p>\n<p><b>S\u00e9 lo que es entrenar duro pero tambi\u00e9n conseguir resultados.<\/b><\/p>\n<p>Nunca olvidar\u00e9 el d\u00eda que cruce la meta de Lake Biwa con mi mejor marca, 2h07&#8217;34\u201d. <b>Logros personales as\u00ed te acompa\u00f1an toda la vida.<\/b><\/p>\n<\/p><\/div>\n<div class=\"col-md-12 col-xs-12\">\n<h4>Y no importa la marca en si misma, sino la lucha y superaci\u00f3n que para cada uno supone alcanzar su objetivo.<\/h4>\n<p>Tras formar parte de la \u00e9lite del atletismo espa\u00f1ol, me form\u00e9 como entrenador. Llevo varios a\u00f1os entrenando a corredores populares a los que he ayudado a alcanzar sus objetivos. He aprendido mucho de sus circunstancias, sus dudas y los errores en que suelen caer. Pero tambi\u00e9n he disfrutado cuando me han contado felices c\u00f3mo han vivido la marat\u00f3n y han logrado superarla.<\/p>\n<\/p><\/div>\n<\/p><\/div>\n<div class=\"wrapper-style2\">\n             &nbsp;<\/p>\n<h3>Despu\u00e9s de leer este ebook conseguir\u00e1s&#8230;<\/h3>\n<ul>\n<li><i class=\"fa fa-check-square-o\" aria-hidden=\"true\" style=\"color:#505050;\"><\/i> Disfrutar entrenando con m\u00e1s confianza y motivaci\u00f3n, evita esos errores que antes comet\u00edas y que lastraban la mejora de tu rendimiento.<\/li>\n<p><\/p>\n<li><i class=\"fa fa-check-square-o\" aria-hidden=\"true\" style=\"color:#505050;\"><\/i> Dejar de dudar de lo que est\u00e1s haciendo cuando alguien te cuestiona los pasos que est\u00e1s dando<\/li>\n<p><\/p>\n<li><i class=\"fa fa-check-square-o\" aria-hidden=\"true\" style=\"color:#505050;\"><\/i> Organizar mejor tus sesiones de entrenamiento y aprender la importancia de respetar el tiempo de recuperaci\u00f3n entre ellas.<\/li>\n<p><\/p>\n<li><i class=\"fa fa-check-square-o\" aria-hidden=\"true\" style=\"color:#505050;\"><\/i> Reducir el riesgo de lesi\u00f3n sabiendo qu\u00e9 pautas de entrenamiento seguir.<\/li>\n<p><\/p>\n<li><i class=\"fa fa-check-square-o\" aria-hidden=\"true\" style=\"color:#505050;\"><\/i> Gestionar tu cabeza para que sea tu aliada y no tu boicoteadora.<\/li>\n<p><\/p>\n<li><i class=\"fa fa-check-square-o\" aria-hidden=\"true\" style=\"color:#505050;\"><\/i> Ver con otros ojos la relevancia del sacrificio, constancia y paciencia.<\/li>\n<p><\/p>\n<li><i class=\"fa fa-check-square-o\" aria-hidden=\"true\" style=\"color:#505050;\"><\/i> Dejar de sentirte perdido en este camino siguiendo una gu\u00eda enfocada a cubrir todos los pasos necesarios para que como corredor popular puedas enfrentarte a esa marat\u00f3n.<\/li>\n<p>\n             <\/ul>\n<hr><\/div>\n<div class=\"wrapper-style2\">\n<h4> Esto dicen los que ya han le\u00eddo el ebook<\/h4>\n<div class=\"citas\">\n<p>\u00abPara mi tiene una clara y puntual explicaci\u00f3n con experiencia personal muy valiosa para el que va a realizar su primera marat\u00f3n y para el que quiere mejorar sus tiempos, realmente lo recomiendo.\u00bb<\/p>\n<p>\u00abSe dan datos muy importantes que en otros libros se obvian.\u00bb<\/p>\n<p>\u00abLa informaci\u00f3n contenida es aplicable al 100%.\u00bb<\/p>\n<p>\u00abEs un libro diferente, \u00abte da la ca\u00f1a y te ense\u00f1a a pescar\u00bb en lugar de darte entrenamientos mascados.\u00bb<\/p>\n<p>\u00abF\u00e1cil lectura. Temas comunes. Consejos cercanos.\u00bb<\/p>\n<\/p><\/div>\n<\/p><\/div>\n<div class=\"wrapper-style2\">\n<h4> Esto dicen los que han seguido entrenamientos basados en esta filosof\u00eda y criterios:<\/h4>\n<div class=\"citas\">\n<p>\u00abEstuve preparando con Toni, la TCS Amsterdam Maraton, con el objetivo de mejorar mi MMP en la distancia, tratando de bajar de 3:25:25. Ensalzar su labor como preparador, con plan meticulosamente trabajado, siempre adaptado al progreso del corredor y sus circunstancias. Toni se encarga no solamente de dirigir tus entrenamientos, tambi\u00e9n te anima durante el desarrollo del mismo para no desfallecer. El resultado final, no pudo ser mejor. Mi tiempo final en el marat\u00f3n fue de 3:22:50 y lo mas importante, pude completarlo sin tener lesi\u00f3n muscular y pudiendo disfrutar de la prueba en todo su recorrido. Seguir\u00e9 contando con Toni como entrenador para preparar mis siguientes retos. Muchas gracias por todo Toni, sin tu ayuda, dif\u00edcilmente lo hubiese logrado.\u00bb <\/p>\n<p><img decoding=\"async\" src=\"https:\/\/www.bikilo-running.es\/blog\/wp-content\/uploads\/2018\/11\/jpmacias.jpg\"  style=\"width: 7em;height: 7em;\"\/><\/span><br \/><em>Juan Pedro Mac\u00edas Pingarr\u00f3n<\/em>\n                  <\/p>\n<\/p><\/div>\n<div class=\"citas\">\n<p>\u00abHoy hace 6 meses desde que sigo el plan de entrenamiento y he logrado una progresi\u00f3n que no me imaginaba que pudiera lograr. Tengo 43 a\u00f1os y soy un corredor popular que no segu\u00eda los \u00faltimos a\u00f1os ning\u00fan plan. Corro para disfrutar pero lleg\u00f3 un momento que se me hacia muy cuesta arriba continuar por la monoton\u00eda de mis entrenamientos. Ahora he vuelto a disfrutar y he llegado a lograr marcas que para m\u00ed antes eran ciencia ficci\u00f3n. He bajado en 15 minutos mi marca en media marat\u00f3n disfrutando de los entrenamientos que para mi era mi mayor objetivo. Muchas gracias.\u00bb <\/p>\n<p><img decoding=\"async\" src=\"https:\/\/www.bikilo-running.es\/blog\/wp-content\/uploads\/2018\/12\/ivan-gallego_500x500.jpg\"  style=\"width: 7em;height: 7em;\"\/><\/span><br \/><em>Iv\u00e1n Gallego<\/em>\n                  <\/p>\n<\/p><\/div>\n<div class=\"citas\">\n<p>\u00abTener un plan de entrenamiento completo y equilibrado es fundamental para mejorar los resultados. Si adem\u00e1s dicho plan est\u00e1 avalado por un gran campe\u00f3n, con mucha experiencia, como Toni Pe\u00f1a todav\u00eda adquiere m\u00e1s relevancia. Desde que entreno con Toni me siento m\u00e1s seguro de mis posibilidades. Tener un plan establecido te da tranquilidad y equilibrio. Gracias Toni.\u00bb <\/p>\n<p><img decoding=\"async\" src=\"https:\/\/www.bikilo-running.es\/blog\/wp-content\/uploads\/2018\/11\/jacalderon_v2_500x500.jpg\" alt=\"Toni Pe\u00f1a\"\/><\/span><br \/><em>Jos\u00e9 Antonio Calder\u00f3n<\/em>\n                  <\/p>\n<\/p><\/div>\n<\/p><\/div>\n<div class=\"wrapper-style2\" style=\"border: 2px solid #c8c8c8; padding:1em; margin:0 0 0 40px;\">\n<h3 style=\"padding-left:40px; text-align:center;\">Esto es lo que te llevar\u00e1s<\/h3>\n<div class=\"row\" >\n<div class=\"col-md-6 col-xs-12\">\n                          <img loading=\"lazy\" decoding=\"async\" src=\"https:\/\/www.bikilo-running.es\/blog\/wp-content\/uploads\/2018\/11\/EBM_portada3D_420x420.jpg\" alt=\"gu\u00eda objetivo maraton\" width=\"420\" height=\"420\" class=\"size-full wp-image-1650\" \/>\n                       <\/div>\n<div class=\"col-md-6 col-xs-12\">\n<ul>\n<li><i class=\"fa fa-book\" aria-hidden=\"true\" style=\"color:#505050;\"><\/i>  <b>Ebook de 257 p\u00e1ginas<\/b> con el recorrido completo de la preparaci\u00f3n, el d\u00eda de la marat\u00f3n y su recuperaci\u00f3n para que entiendas todo lo que implica este proceso y reduzcas los errores que dificultan la mejora de rendimiento. Formato pdf, epub y azw3.<\/li>\n<p><\/p>\n<li><i class=\"fa fa-file\" aria-hidden=\"true\" style=\"color:#505050;\"><\/i>  <strong>BONUS 1<\/strong>: <b>Dec\u00e1logo de consejos<\/b> para el corredor popular (evita caer en errores t\u00edpicos).<\/li>\n<p><\/p>\n<li><i class=\"fa fa-film\" aria-hidden=\"true\" style=\"color:#505050;\"><\/i>  <strong>BONUS 2<\/strong>: <b>37&#8242; de v\u00eddeo<\/b> con explicaciones y an\u00e9cdotas de Toni Pe\u00f1a (extracto de webinars realizados con corredores populares)<\/li>\n<p><\/p>\n<li><i class=\"fa fa-calendar\" aria-hidden=\"true\" style=\"color:#505050;\"><\/i> <b>Actualizaciones<\/b> de por vida<\/li>\n<p>\n                         <\/ul>\n<\/p><\/div>\n<\/p><\/div>\n<\/p><\/div>\n<div class=\"wrapper-style2\">\n             &nbsp;<\/p>\n<h3>Lo que vale esto<\/h3>\n<p>Empezar a entender qu\u00e9 tienes que rectificar en tu entrenamiento te costar\u00e1 <b>12,95\u20ac +iva<\/b>. Lo que podr\u00edas gastarte cualquier d\u00eda que salieras a comer en un restaurante medio de Espa\u00f1a (o incluso menos).<\/p>\n<p>Este precio seguir\u00e1 siendo as\u00ed, hasta que decidamos que ha llegado el momento de cambiarlo.<\/p>\n<\/p><\/div>\n<div class=\"wrapper-style2\" style=\"text-align:center; font-weight: 600; background-color:#D6DBDF;\">\n<h4 style=\"text-align:center;\">Empezar a disfrutar de \u00abObjetivo: marat\u00f3n\u00bb es f\u00e1cil. Haz click en el bot\u00f3n, recibe tu ebook y en pocos minutos lo estar\u00e1s leyendo.<\/h4>\n<p>          <!--<a class=\"button-compra\" href=\"https:\/\/transactions.sendowl.com\/products\/77939367\/D766019E\/view\" rel=\"nofollow\">Consigue ahora tu ebook (y bonus) 12.95\u20ac +iva<\/a><script type=\"text\/javascript\" src=\"https:\/\/transactions.sendowl.com\/assets\/sendowl.js\"><\/script>--><\/p>\n<h3 style=\"margin: 0 0 1em 0\">VENTA CERRADA (Ya no se puede comprar)<\/h3>\n<\/p><\/div>\n<div class=\"wrapper-style2\">\n<p><em>P.D.: El ebook \u201cObjetivo: marat\u00f3n\u201d ser\u00e1 tu gu\u00eda hacia tu pr\u00f3xima marat\u00f3n sin sentirte perdido, sin caer en errores, mejorando tu rendimiento y reduciendo el riesgo de lesi\u00f3n.<\/em><\/p>\n<hr><\/div>\n<div class=\"wrapper-style2\">\n<h3>\u00bfTodav\u00eda tienes dudas?<\/h3>\n<p>Contestamos a algunas de las preguntas m\u00e1s frecuentes.<\/p>\n<ul>\n<li><i class=\"fa fa-angle-double-right\" aria-hidden=\"true\" style=\"color:#505050;\"><\/i> <b>\u00bfEncontrar\u00e9 un plan de entrenamiento para preparar la marat\u00f3n?<\/b><br \/>No, creo que los planes de entrenamiento deben adaptarse a cada uno y su evoluci\u00f3n por eso no soy muy partidario de planes gen\u00e9ricos. Pero encontrar\u00e1s pautas de entrenamiento, descripci\u00f3n de cada tipo de entrenamiento, sus beneficios y c\u00f3mo hacerlo; as\u00ed como los errores que se suelen cometer en cada uno y no ayuda a mejorar el rendimiento. Tambi\u00e9n una explicaci\u00f3n de c\u00f3mo se deben repartir las cargas y referencias de vol\u00famenes de entrenamiento.<\/li>\n<p><\/p>\n<li><i class=\"fa fa-angle-double-right\" aria-hidden=\"true\" style=\"color:#505050;\"><\/i> <b>\u00bfPuedo comprar este producto en otra web y quiz\u00e1 m\u00e1s barato?<\/b><br \/>No, es un producto propio que s\u00f3lo vendemos nosotros. No lo encontrar\u00e1s en Amazon ni en otro tipo de webs (al menos no con nuestro permiso de venta).<\/li>\n<p><\/p>\n<li><i class=\"fa fa-angle-double-right\" aria-hidden=\"true\" style=\"color:#505050;\"><\/i> <b>\u00bfQu\u00e9 pasa si no compro este ebook?<\/b><br \/>\u00bfHas o\u00eddo eso de si quieres resultados distintos prueba cosas diferentes? Si has llegado hasta aqu\u00ed, probablemente no estabas del todo contento o ten\u00edas dudas con lo que estabas haciendo. Esta es una herramienta que te puede solucionar tus dudas y cambiar la manera en que est\u00e1s preparando tu marat\u00f3n. Si no, puedes seguir inseguro, temiendo afrontar esa marat\u00f3n, cometiendo errores que no te ayudan y aumentando el riesgo de lesi\u00f3n.<\/li>\n<p>\n<\/ul>\n<\/p><\/div>\n<div class=\"wrapper-style2\"  style=\"border: 2px solid #c8c8c8; padding: 2em;\">\n<h4>Esto es todo lo que te llevar\u00e1s<\/h4>\n<ul>\n<li><i class=\"fa fa-book\" aria-hidden=\"true\" style=\"color:#505050;\"><\/i>  <b>Ebook de 257 p\u00e1ginas<\/b> con el recorrido completo de la preparaci\u00f3n, el d\u00eda de la marat\u00f3n y su recuperaci\u00f3n para que entiendas todo lo que implica este proceso y reduzcas los errores que dificultan la mejora de rendimiento. Formato pdf, epub y azw3.<\/li>\n<p><\/p>\n<li><i class=\"fa fa-file\" aria-hidden=\"true\" style=\"color:#505050;\"><\/i>  <strong>BONUS 1<\/strong>: <b>Dec\u00e1logo de consejos<\/b> para el corredor popular (evita caer en errores t\u00edpicos).<\/li>\n<p><\/p>\n<li><i class=\"fa fa-film\" aria-hidden=\"true\" style=\"color:#505050;\"><\/i>  <strong>BONUS 2<\/strong>: <b>37&#8242; de v\u00eddeo<\/b> con explicaciones y an\u00e9cdotas de Toni Pe\u00f1a (extracto de webinars realizados con corredores populares)<\/li>\n<p><\/p>\n<li><i class=\"fa fa-calendar\" aria-hidden=\"true\" style=\"color:#505050;\"><\/i> <b>Actualizaciones<\/b> de por vida<\/li>\n<p>\n             <\/ul>\n<p>          <!--<a class=\"button-compra\" href=\"https:\/\/transactions.sendowl.com\/products\/77939367\/D766019E\/view\" rel=\"nofollow\">Consigue ahora tu ebook (y bonus) 12.95\u20ac +iva<\/a><script type=\"text\/javascript\" src=\"https:\/\/transactions.sendowl.com\/assets\/sendowl.js\" ><\/script>--><\/p>\n<h3 style=\"margin: 0 0 1em 0; text-align:center;\">VENTA CERRADA (Ya no se puede comprar)<\/h3>\n<\/p><\/div>\n<\/p><\/div>\n<\/div>\n","protected":false},"excerpt":{"rendered":"<p>&iexcl;Eih! maratoniano: &iquest;Est&aacute;s confundido preparando tu marat&oacute;n y temes pagar el d&iacute;a de la carrera los errores que est&aacute;s cometiendo? ENFRENTA TU MARAT&Oacute;N SO&Ntilde;ADA CON <span class=\"ellipsis\">&hellip;<\/span> <span class=\"entry-more-link-wrapper\"><a href=\"https:\/\/www.bikilo-running.es\/blog\/ebook-maraton\/\" class=\"entry-more-link entry-more-link-excerpt btn btn-primary\"><span>Leer m\u00e1s<\/span><\/a><\/span><\/p>\n","protected":false},"author":1,"featured_media":0,"parent":0,"menu_order":0,"comment_status":"open","ping_status":"closed","template":"template-full-width.php","meta":{"footnotes":""},"class_list":["post-2439","page","type-page","status-publish","hentry"],"yoast_head":"<!-- This site is optimized with the Yoast SEO plugin v27.5 - https:\/\/yoast.com\/product\/yoast-seo-wordpress\/ -->\n<title>Ebook marat\u00f3n - Entrenador online marat\u00f3n - Toni Pe\u00f1a<\/title>\n<meta name=\"description\" content=\"\u00a1Eih! maratoniano: \u00bfEst\u00e1s confundido preparando tu marat\u00f3n y temes pagar el d\u00eda de la carrera los errores que est\u00e1s cometiendo? ENFRENTA TU MARAT\u00d3N SO\u00d1ADA\" \/>\n<meta name=\"robots\" content=\"index, follow, max-snippet:-1, max-image-preview:large, max-video-preview:-1\" \/>\n<link rel=\"canonical\" href=\"https:\/\/www.bikilo-running.es\/blog\/ebook-maraton\/\" \/>\n<meta property=\"og:locale\" content=\"es_ES\" \/>\n<meta property=\"og:type\" content=\"article\" \/>\n<meta property=\"og:title\" content=\"Ebook marat\u00f3n - Entrenador online marat\u00f3n - Toni Pe\u00f1a\" \/>\n<meta property=\"og:description\" content=\"\u00a1Eih! maratoniano: \u00bfEst\u00e1s confundido preparando tu marat\u00f3n y temes pagar el d\u00eda de la carrera los errores que est\u00e1s cometiendo? ENFRENTA TU MARAT\u00d3N SO\u00d1ADA\" \/>\n<meta property=\"og:url\" content=\"https:\/\/www.bikilo-running.es\/blog\/ebook-maraton\/\" \/>\n<meta property=\"og:site_name\" content=\"Entrenador online marat\u00f3n - Toni Pe\u00f1a\" \/>\n<meta property=\"article:modified_time\" content=\"2024-06-15T06:45:10+00:00\" \/>\n<meta property=\"og:image\" content=\"https:\/\/www.bikilo-running.es\/blog\/wp-content\/uploads\/2020\/08\/toni-pena-3_baja.jpg\" \/>\n<meta name=\"twitter:label1\" content=\"Tiempo de lectura\" \/>\n\t<meta name=\"twitter:data1\" content=\"9 minutos\" \/>\n<script type=\"application\/ld+json\" class=\"yoast-schema-graph\">{\"@context\":\"https:\\\/\\\/schema.org\",\"@graph\":[{\"@type\":\"WebPage\",\"@id\":\"https:\\\/\\\/www.bikilo-running.es\\\/blog\\\/ebook-maraton\\\/\",\"url\":\"https:\\\/\\\/www.bikilo-running.es\\\/blog\\\/ebook-maraton\\\/\",\"name\":\"Ebook marat\u00f3n - Entrenador online marat\u00f3n - Toni Pe\u00f1a\",\"isPartOf\":{\"@id\":\"https:\\\/\\\/www.bikilo-running.es\\\/blog\\\/#website\"},\"primaryImageOfPage\":{\"@id\":\"https:\\\/\\\/www.bikilo-running.es\\\/blog\\\/ebook-maraton\\\/#primaryimage\"},\"image\":{\"@id\":\"https:\\\/\\\/www.bikilo-running.es\\\/blog\\\/ebook-maraton\\\/#primaryimage\"},\"thumbnailUrl\":\"https:\\\/\\\/www.bikilo-running.es\\\/blog\\\/wp-content\\\/uploads\\\/2020\\\/08\\\/toni-pena-3_baja.jpg\",\"datePublished\":\"2018-11-19T06:29:13+00:00\",\"dateModified\":\"2024-06-15T06:45:10+00:00\",\"description\":\"\u00a1Eih! maratoniano: \u00bfEst\u00e1s confundido preparando tu marat\u00f3n y temes pagar el d\u00eda de la carrera los errores que est\u00e1s cometiendo? ENFRENTA TU MARAT\u00d3N SO\u00d1ADA\",\"breadcrumb\":{\"@id\":\"https:\\\/\\\/www.bikilo-running.es\\\/blog\\\/ebook-maraton\\\/#breadcrumb\"},\"inLanguage\":\"es\",\"potentialAction\":[{\"@type\":\"ReadAction\",\"target\":[\"https:\\\/\\\/www.bikilo-running.es\\\/blog\\\/ebook-maraton\\\/\"]}]},{\"@type\":\"ImageObject\",\"inLanguage\":\"es\",\"@id\":\"https:\\\/\\\/www.bikilo-running.es\\\/blog\\\/ebook-maraton\\\/#primaryimage\",\"url\":\"https:\\\/\\\/www.bikilo-running.es\\\/blog\\\/wp-content\\\/uploads\\\/2020\\\/08\\\/toni-pena-3_baja.jpg\",\"contentUrl\":\"https:\\\/\\\/www.bikilo-running.es\\\/blog\\\/wp-content\\\/uploads\\\/2020\\\/08\\\/toni-pena-3_baja.jpg\",\"width\":500,\"height\":500},{\"@type\":\"BreadcrumbList\",\"@id\":\"https:\\\/\\\/www.bikilo-running.es\\\/blog\\\/ebook-maraton\\\/#breadcrumb\",\"itemListElement\":[{\"@type\":\"ListItem\",\"position\":1,\"name\":\"Portada\",\"item\":\"https:\\\/\\\/www.bikilo-running.es\\\/blog\\\/\"},{\"@type\":\"ListItem\",\"position\":2,\"name\":\"Ebook marat\u00f3n\"}]},{\"@type\":\"WebSite\",\"@id\":\"https:\\\/\\\/www.bikilo-running.es\\\/blog\\\/#website\",\"url\":\"https:\\\/\\\/www.bikilo-running.es\\\/blog\\\/\",\"name\":\"Entrenador online marat\u00f3n - Toni Pe\u00f1a\",\"description\":\"Planes de entrenamiento running, consejos y recomendaciones de la mano de Toni Pe\u00f1a.\",\"potentialAction\":[{\"@type\":\"SearchAction\",\"target\":{\"@type\":\"EntryPoint\",\"urlTemplate\":\"https:\\\/\\\/www.bikilo-running.es\\\/blog\\\/?s={search_term_string}\"},\"query-input\":{\"@type\":\"PropertyValueSpecification\",\"valueRequired\":true,\"valueName\":\"search_term_string\"}}],\"inLanguage\":\"es\"}]}<\/script>\n<!-- \/ Yoast SEO plugin. -->","yoast_head_json":{"title":"Ebook marat\u00f3n - Entrenador online marat\u00f3n - Toni Pe\u00f1a","description":"\u00a1Eih! maratoniano: \u00bfEst\u00e1s confundido preparando tu marat\u00f3n y temes pagar el d\u00eda de la carrera los errores que est\u00e1s cometiendo? ENFRENTA TU MARAT\u00d3N SO\u00d1ADA","robots":{"index":"index","follow":"follow","max-snippet":"max-snippet:-1","max-image-preview":"max-image-preview:large","max-video-preview":"max-video-preview:-1"},"canonical":"https:\/\/www.bikilo-running.es\/blog\/ebook-maraton\/","og_locale":"es_ES","og_type":"article","og_title":"Ebook marat\u00f3n - Entrenador online marat\u00f3n - Toni Pe\u00f1a","og_description":"\u00a1Eih! maratoniano: \u00bfEst\u00e1s confundido preparando tu marat\u00f3n y temes pagar el d\u00eda de la carrera los errores que est\u00e1s cometiendo? ENFRENTA TU MARAT\u00d3N SO\u00d1ADA","og_url":"https:\/\/www.bikilo-running.es\/blog\/ebook-maraton\/","og_site_name":"Entrenador online marat\u00f3n - Toni Pe\u00f1a","article_modified_time":"2024-06-15T06:45:10+00:00","og_image":[{"url":"https:\/\/www.bikilo-running.es\/blog\/wp-content\/uploads\/2020\/08\/toni-pena-3_baja.jpg","type":"","width":"","height":""}],"twitter_misc":{"Tiempo de lectura":"9 minutos"},"schema":{"@context":"https:\/\/schema.org","@graph":[{"@type":"WebPage","@id":"https:\/\/www.bikilo-running.es\/blog\/ebook-maraton\/","url":"https:\/\/www.bikilo-running.es\/blog\/ebook-maraton\/","name":"Ebook marat\u00f3n - Entrenador online marat\u00f3n - Toni Pe\u00f1a","isPartOf":{"@id":"https:\/\/www.bikilo-running.es\/blog\/#website"},"primaryImageOfPage":{"@id":"https:\/\/www.bikilo-running.es\/blog\/ebook-maraton\/#primaryimage"},"image":{"@id":"https:\/\/www.bikilo-running.es\/blog\/ebook-maraton\/#primaryimage"},"thumbnailUrl":"https:\/\/www.bikilo-running.es\/blog\/wp-content\/uploads\/2020\/08\/toni-pena-3_baja.jpg","datePublished":"2018-11-19T06:29:13+00:00","dateModified":"2024-06-15T06:45:10+00:00","description":"\u00a1Eih! maratoniano: \u00bfEst\u00e1s confundido preparando tu marat\u00f3n y temes pagar el d\u00eda de la carrera los errores que est\u00e1s cometiendo? ENFRENTA TU MARAT\u00d3N SO\u00d1ADA","breadcrumb":{"@id":"https:\/\/www.bikilo-running.es\/blog\/ebook-maraton\/#breadcrumb"},"inLanguage":"es","potentialAction":[{"@type":"ReadAction","target":["https:\/\/www.bikilo-running.es\/blog\/ebook-maraton\/"]}]},{"@type":"ImageObject","inLanguage":"es","@id":"https:\/\/www.bikilo-running.es\/blog\/ebook-maraton\/#primaryimage","url":"https:\/\/www.bikilo-running.es\/blog\/wp-content\/uploads\/2020\/08\/toni-pena-3_baja.jpg","contentUrl":"https:\/\/www.bikilo-running.es\/blog\/wp-content\/uploads\/2020\/08\/toni-pena-3_baja.jpg","width":500,"height":500},{"@type":"BreadcrumbList","@id":"https:\/\/www.bikilo-running.es\/blog\/ebook-maraton\/#breadcrumb","itemListElement":[{"@type":"ListItem","position":1,"name":"Portada","item":"https:\/\/www.bikilo-running.es\/blog\/"},{"@type":"ListItem","position":2,"name":"Ebook marat\u00f3n"}]},{"@type":"WebSite","@id":"https:\/\/www.bikilo-running.es\/blog\/#website","url":"https:\/\/www.bikilo-running.es\/blog\/","name":"Entrenador online marat\u00f3n - Toni Pe\u00f1a","description":"Planes de entrenamiento running, consejos y recomendaciones de la mano de Toni Pe\u00f1a.","potentialAction":[{"@type":"SearchAction","target":{"@type":"EntryPoint","urlTemplate":"https:\/\/www.bikilo-running.es\/blog\/?s={search_term_string}"},"query-input":{"@type":"PropertyValueSpecification","valueRequired":true,"valueName":"search_term_string"}}],"inLanguage":"es"}]}},"_links":{"self":[{"href":"https:\/\/www.bikilo-running.es\/blog\/wp-json\/wp\/v2\/pages\/2439","targetHints":{"allow":["GET"]}}],"collection":[{"href":"https:\/\/www.bikilo-running.es\/blog\/wp-json\/wp\/v2\/pages"}],"about":[{"href":"https:\/\/www.bikilo-running.es\/blog\/wp-json\/wp\/v2\/types\/page"}],"author":[{"embeddable":true,"href":"https:\/\/www.bikilo-running.es\/blog\/wp-json\/wp\/v2\/users\/1"}],"replies":[{"embeddable":true,"href":"https:\/\/www.bikilo-running.es\/blog\/wp-json\/wp\/v2\/comments?post=2439"}],"version-history":[{"count":182,"href":"https:\/\/www.bikilo-running.es\/blog\/wp-json\/wp\/v2\/pages\/2439\/revisions"}],"predecessor-version":[{"id":16250,"href":"https:\/\/www.bikilo-running.es\/blog\/wp-json\/wp\/v2\/pages\/2439\/revisions\/16250"}],"wp:attachment":[{"href":"https:\/\/www.bikilo-running.es\/blog\/wp-json\/wp\/v2\/media?parent=2439"}],"curies":[{"name":"wp","href":"https:\/\/api.w.org\/{rel}","templated":true}]}}