{"id":3703,"date":"2019-06-01T12:18:38","date_gmt":"2019-06-01T10:18:38","guid":{"rendered":"https:\/\/www.bikilo-running.es\/blog\/?page_id=3703"},"modified":"2019-06-01T12:18:38","modified_gmt":"2019-06-01T10:18:38","slug":"afiliacion","status":"publish","type":"page","link":"https:\/\/www.bikilo-running.es\/blog\/afiliacion\/","title":{"rendered":"Afiliacion"},"content":{"rendered":"<div id=\"principal\" >\n<div class=\"row\" style=\"width: 75%; margin: -2px auto 0 auto; \">\n<div>\n<h3><em>\u00bfT\u00fa tambi\u00e9n quieres ayudar a otros a mejorar su rutina y poder adem\u00e1s recibir un beneficio?<\/em><\/h3>\n<p>&nbsp;<\/p>\n<p><b>Con nuestro programa de afiliados pretendemos llegar a tener un mayor impacto ayudados por una red de colaboradores<\/b>. Otros bloggers, influencers, propietarios de p\u00e1ginas web o empresas que se dirijan a audiencias receptivas a recibir nuestro mensaje.<\/p>\n<p>Queremos que cada d\u00eda haya m\u00e1s personas que sean capaces de disfrutar de correr y les pueda servir para llenar su vida de energ\u00eda, satisfacciones y momentos de superaci\u00f3n personal. Pero que tambi\u00e9n puedan ser conscientes de que la constancia y el sacrificio que conlleva el entrenamiento puede traer muy buenos resultados. <b>Creemos que todo esto, integrado en el d\u00eda a d\u00eda, acaba facilitando herramientas y valores de aplicaci\u00f3n en otros campos de la vida.<\/b><\/p>\n<\/p><\/div>\n<div>\n            &nbsp;<\/p>\n<h3>\u00bfQuieres ayudarnos?<\/h3>\n<p>Siendo nuestro afiliado podr\u00e1s vender nuestros productos digitales (ebooks) y llevarte una comisi\u00f3n por ello. En estos momentos tus comisiones vendr\u00edan de los ebooks \u201c<a href=\"https:\/\/www.bikilo-running.es\/blog\/ebook-maraton\/\"><u>Objetivo: marat\u00f3n<\/u><\/a>\u201d y \u201c<a href=\"https:\/\/www.bikilo-running.es\/blog\/ebook-empezar-correr\/\"><u>L\u00e1nzate a correr con sentido<\/u><\/a>\u201d.<\/p>\n<p>Utilizamos una plataforma de terceros en la que tendr\u00e1s que darte de alta para obtener tus links de afiliado y poder tener conocimiento de tus ventas. Mensualmente recibir\u00e1s el abono de las cantidades generadas.<\/p>\n<p>Te ayudaremos en lo que puedas necesitar a la hora de definir el mensaje, facilitarte im\u00e1genes o recursos y resolver dudas.<\/p>\n<\/p><\/div>\n<div>\n            &nbsp;<\/p>\n<h3>\u00bfQu\u00e9 te pedimos?<\/h3>\n<p>Para poder colaborar en la difusi\u00f3n de un mensaje com\u00fan es necesario que tus valores y los nuestros est\u00e9n alineados. Por eso, una vez que solicites formar parte del programa de afiliados, tendremos que revisar que a trav\u00e9s de tu web o medios de los que dispongas, esto se cumpla.<\/p>\n<hr><\/div>\n<div>\n<p>Si est\u00e1s interesado en ser parte de esta red y compartes nuestro mensaje, <b>escr\u00edbenos y te proporcionaremos m\u00e1s informaci\u00f3n<\/b> sobre las condiciones de este programa.<\/p>\n\n<div class=\"wpcf7 no-js\" id=\"wpcf7-f3714-o1\" lang=\"es-ES\" dir=\"ltr\" data-wpcf7-id=\"3714\">\n<div class=\"screen-reader-response\"><p role=\"status\" aria-live=\"polite\" aria-atomic=\"true\"><\/p> <ul><\/ul><\/div>\n<form action=\"\/blog\/wp-json\/wp\/v2\/pages\/3703#wpcf7-f3714-o1\" method=\"post\" class=\"wpcf7-form init\" aria-label=\"Formulario de contacto\" novalidate=\"novalidate\" data-status=\"init\">\n<fieldset class=\"hidden-fields-container\"><input type=\"hidden\" name=\"_wpcf7\" value=\"3714\" \/><input type=\"hidden\" name=\"_wpcf7_version\" value=\"6.1.5\" \/><input type=\"hidden\" name=\"_wpcf7_locale\" value=\"es_ES\" \/><input type=\"hidden\" name=\"_wpcf7_unit_tag\" value=\"wpcf7-f3714-o1\" \/><input type=\"hidden\" name=\"_wpcf7_container_post\" value=\"0\" \/><input type=\"hidden\" name=\"_wpcf7_posted_data_hash\" value=\"\" \/><input type=\"hidden\" name=\"_wpcf7_recaptcha_response\" value=\"\" \/>\n<\/fieldset>\n<p><label> Nombre (requerido)<br \/>\n<span class=\"wpcf7-form-control-wrap\" data-name=\"your-name\"><input size=\"90\" maxlength=\"400\" class=\"wpcf7-form-control wpcf7-text wpcf7-validates-as-required\" aria-required=\"true\" aria-invalid=\"false\" value=\"\" type=\"text\" name=\"your-name\" \/><\/span> <\/label>\n<\/p>\n<p><label> Tu correo electr\u00f3nico (requerido)<br \/>\n<span class=\"wpcf7-form-control-wrap\" data-name=\"your-email\"><input size=\"90\" maxlength=\"400\" class=\"wpcf7-form-control wpcf7-email wpcf7-validates-as-required wpcf7-text wpcf7-validates-as-email\" aria-required=\"true\" aria-invalid=\"false\" value=\"\" type=\"email\" name=\"your-email\" \/><\/span> <\/label>\n<\/p>\n<p><label> Ofr\u00e9cete como afiliado o haznos llegar tus dudas<br \/>\n<span class=\"wpcf7-form-control-wrap\" data-name=\"your-message\"><textarea cols=\"90\" rows=\"5\" maxlength=\"2000\" class=\"wpcf7-form-control wpcf7-textarea\" aria-invalid=\"false\" name=\"your-message\"><\/textarea><\/span> <\/label>\n<\/p>\n<p><label><br \/>\n<span class=\"wpcf7-form-control-wrap\" data-name=\"Consentimientocontc\"><span class=\"wpcf7-form-control wpcf7-acceptance\"><span class=\"wpcf7-list-item\"><input type=\"checkbox\" name=\"Consentimientocontc\" value=\"1\" id=\"Consentimiento\" aria-invalid=\"false\" \/><\/span><\/span><\/span> He le\u00eddo y acepto la Pol\u00edtica de Privacidad<\/label>\n<\/p>\n<div style=\"font-size:1em; padding-bottom:1em;\">\n\t<p>*La aceptaci\u00f3n de la <a href=\"https:\/\/www.bikilo-running.es\/blog\/politica-privacidad\/\">Pol\u00edtica de Privacidad<\/a> es necesaria para que se env\u00ede el mensaje\n\t<\/p>\n<\/div>\n<p><input class=\"wpcf7-form-control wpcf7-submit has-spinner submit btn btn-primary\" id=\"enviar\" type=\"submit\" value=\"Enviar mensaje\" \/>\n<\/p>\n<div style=\"font-size:0.8em;line-height:1.2em;border-top:1px solid #c8c8c8;padding-top:0.5em;\">\n\t<p>Bikilo Running te informa que los datos de car\u00e1cter personal que nos proporciones rellenando el presente formulario ser\u00e1n tratados por <b>Otsu Sport S.L.<\/b> como responsable de esta web. <b>Finalidad de la recogida y tratamiento de los datos personales<\/b>: proporcionar informaci\u00f3n sobre la consulta realizada o producto indicado. Legitimaci\u00f3n: Consentimiento del interesado. <b>Destinatarios<\/b>: Bikilo Running. <b>Derecho<\/b>s: Podr\u00e1s ejercer tus derechos de acceso, rectificaci\u00f3n, limitaci\u00f3n y suprimir los datos en info@bikilo-running.es as\u00ed como el derecho a presentar una reclamaci\u00f3n ante una autoridad de control. Puedes consultar la informaci\u00f3n adicional y detallada sobre Protecci\u00f3n de Datos en nuestra web: bikilo-running.es, dentro de nuestra <a href=\"https:\/\/www.bikilo-running.es\/blog\/politica-privacidad\/\">Pol\u00edtica de Privacidad<\/a>.\n\t<\/p>\n<\/div><p style=\"display: none !important;\" class=\"akismet-fields-container\" data-prefix=\"_wpcf7_ak_\"><label>&#916;<textarea name=\"_wpcf7_ak_hp_textarea\" cols=\"45\" rows=\"8\" maxlength=\"100\"><\/textarea><\/label><input type=\"hidden\" id=\"ak_js_1\" name=\"_wpcf7_ak_js\" value=\"132\"\/><script type=\"text\/javascript\">\n\/* <![CDATA[ *\/\ndocument.getElementById( \"ak_js_1\" ).setAttribute( \"value\", ( new Date() ).getTime() );\n\/* ]]> *\/\n<\/script>\n<\/p><div class=\"wpcf7-response-output\" aria-hidden=\"true\"><\/div>\n<\/form>\n<\/div>\n<\/div>\n<\/p><\/div>\n<p> <!--Final div 75%-->\n<\/div>\n<p><!--Final div principal--><\/p>\n","protected":false},"excerpt":{"rendered":"<p>&iquest;T&uacute; tambi&eacute;n quieres ayudar a otros a mejorar su rutina y poder adem&aacute;s recibir un beneficio? &nbsp; Con nuestro programa de afiliados pretendemos llegar a <span class=\"ellipsis\">&hellip;<\/span> <span class=\"entry-more-link-wrapper\"><a href=\"https:\/\/www.bikilo-running.es\/blog\/afiliacion\/\" class=\"entry-more-link entry-more-link-excerpt btn btn-primary\"><span>Leer m\u00e1s<\/span><\/a><\/span><\/p>\n","protected":false},"author":1,"featured_media":0,"parent":0,"menu_order":0,"comment_status":"closed","ping_status":"closed","template":"template-full-width.php","meta":{"footnotes":""},"class_list":["post-3703","page","type-page","status-publish","hentry"],"yoast_head":"<!-- This site is optimized with the Yoast SEO plugin v27.5 - https:\/\/yoast.com\/product\/yoast-seo-wordpress\/ -->\n<title>Afiliacion - Entrenador online marat\u00f3n - Toni Pe\u00f1a<\/title>\n<meta name=\"description\" content=\"\u00bfT\u00fa tambi\u00e9n quieres ayudar a otros a mejorar su rutina y poder adem\u00e1s recibir un beneficio?&nbsp; Con nuestro programa de afiliados pretendemos llegar a\" \/>\n<meta name=\"robots\" content=\"index, follow, max-snippet:-1, max-image-preview:large, max-video-preview:-1\" \/>\n<link rel=\"canonical\" href=\"https:\/\/www.bikilo-running.es\/blog\/afiliacion\/\" \/>\n<meta property=\"og:locale\" content=\"es_ES\" \/>\n<meta property=\"og:type\" content=\"article\" \/>\n<meta property=\"og:title\" content=\"Afiliacion - Entrenador online marat\u00f3n - Toni Pe\u00f1a\" \/>\n<meta property=\"og:description\" content=\"\u00bfT\u00fa tambi\u00e9n quieres ayudar a otros a mejorar su rutina y poder adem\u00e1s recibir un beneficio?&nbsp; Con nuestro programa de afiliados pretendemos llegar a\" \/>\n<meta property=\"og:url\" content=\"https:\/\/www.bikilo-running.es\/blog\/afiliacion\/\" \/>\n<meta property=\"og:site_name\" content=\"Entrenador online marat\u00f3n - Toni Pe\u00f1a\" \/>\n<meta name=\"twitter:label1\" content=\"Tiempo de lectura\" \/>\n\t<meta name=\"twitter:data1\" content=\"2 minutos\" \/>\n<script type=\"application\/ld+json\" class=\"yoast-schema-graph\">{\"@context\":\"https:\\\/\\\/schema.org\",\"@graph\":[{\"@type\":\"WebPage\",\"@id\":\"https:\\\/\\\/www.bikilo-running.es\\\/blog\\\/afiliacion\\\/\",\"url\":\"https:\\\/\\\/www.bikilo-running.es\\\/blog\\\/afiliacion\\\/\",\"name\":\"Afiliacion - Entrenador online marat\u00f3n - Toni Pe\u00f1a\",\"isPartOf\":{\"@id\":\"https:\\\/\\\/www.bikilo-running.es\\\/blog\\\/#website\"},\"datePublished\":\"2019-06-01T10:18:38+00:00\",\"description\":\"\u00bfT\u00fa tambi\u00e9n quieres ayudar a otros a mejorar su rutina y poder adem\u00e1s recibir un beneficio?&nbsp; Con nuestro programa de afiliados pretendemos llegar a\",\"breadcrumb\":{\"@id\":\"https:\\\/\\\/www.bikilo-running.es\\\/blog\\\/afiliacion\\\/#breadcrumb\"},\"inLanguage\":\"es\",\"potentialAction\":[{\"@type\":\"ReadAction\",\"target\":[\"https:\\\/\\\/www.bikilo-running.es\\\/blog\\\/afiliacion\\\/\"]}]},{\"@type\":\"BreadcrumbList\",\"@id\":\"https:\\\/\\\/www.bikilo-running.es\\\/blog\\\/afiliacion\\\/#breadcrumb\",\"itemListElement\":[{\"@type\":\"ListItem\",\"position\":1,\"name\":\"Portada\",\"item\":\"https:\\\/\\\/www.bikilo-running.es\\\/blog\\\/\"},{\"@type\":\"ListItem\",\"position\":2,\"name\":\"Afiliacion\"}]},{\"@type\":\"WebSite\",\"@id\":\"https:\\\/\\\/www.bikilo-running.es\\\/blog\\\/#website\",\"url\":\"https:\\\/\\\/www.bikilo-running.es\\\/blog\\\/\",\"name\":\"Entrenador online marat\u00f3n - Toni Pe\u00f1a\",\"description\":\"Planes de entrenamiento running, consejos y recomendaciones de la mano de Toni Pe\u00f1a.\",\"potentialAction\":[{\"@type\":\"SearchAction\",\"target\":{\"@type\":\"EntryPoint\",\"urlTemplate\":\"https:\\\/\\\/www.bikilo-running.es\\\/blog\\\/?s={search_term_string}\"},\"query-input\":{\"@type\":\"PropertyValueSpecification\",\"valueRequired\":true,\"valueName\":\"search_term_string\"}}],\"inLanguage\":\"es\"}]}<\/script>\n<!-- \/ Yoast SEO plugin. -->","yoast_head_json":{"title":"Afiliacion - Entrenador online marat\u00f3n - Toni Pe\u00f1a","description":"\u00bfT\u00fa tambi\u00e9n quieres ayudar a otros a mejorar su rutina y poder adem\u00e1s recibir un beneficio?&nbsp; Con nuestro programa de afiliados pretendemos llegar a","robots":{"index":"index","follow":"follow","max-snippet":"max-snippet:-1","max-image-preview":"max-image-preview:large","max-video-preview":"max-video-preview:-1"},"canonical":"https:\/\/www.bikilo-running.es\/blog\/afiliacion\/","og_locale":"es_ES","og_type":"article","og_title":"Afiliacion - Entrenador online marat\u00f3n - Toni Pe\u00f1a","og_description":"\u00bfT\u00fa tambi\u00e9n quieres ayudar a otros a mejorar su rutina y poder adem\u00e1s recibir un beneficio?&nbsp; Con nuestro programa de afiliados pretendemos llegar a","og_url":"https:\/\/www.bikilo-running.es\/blog\/afiliacion\/","og_site_name":"Entrenador online marat\u00f3n - Toni Pe\u00f1a","twitter_misc":{"Tiempo de lectura":"2 minutos"},"schema":{"@context":"https:\/\/schema.org","@graph":[{"@type":"WebPage","@id":"https:\/\/www.bikilo-running.es\/blog\/afiliacion\/","url":"https:\/\/www.bikilo-running.es\/blog\/afiliacion\/","name":"Afiliacion - Entrenador online marat\u00f3n - Toni Pe\u00f1a","isPartOf":{"@id":"https:\/\/www.bikilo-running.es\/blog\/#website"},"datePublished":"2019-06-01T10:18:38+00:00","description":"\u00bfT\u00fa tambi\u00e9n quieres ayudar a otros a mejorar su rutina y poder adem\u00e1s recibir un beneficio?&nbsp; Con nuestro programa de afiliados pretendemos llegar a","breadcrumb":{"@id":"https:\/\/www.bikilo-running.es\/blog\/afiliacion\/#breadcrumb"},"inLanguage":"es","potentialAction":[{"@type":"ReadAction","target":["https:\/\/www.bikilo-running.es\/blog\/afiliacion\/"]}]},{"@type":"BreadcrumbList","@id":"https:\/\/www.bikilo-running.es\/blog\/afiliacion\/#breadcrumb","itemListElement":[{"@type":"ListItem","position":1,"name":"Portada","item":"https:\/\/www.bikilo-running.es\/blog\/"},{"@type":"ListItem","position":2,"name":"Afiliacion"}]},{"@type":"WebSite","@id":"https:\/\/www.bikilo-running.es\/blog\/#website","url":"https:\/\/www.bikilo-running.es\/blog\/","name":"Entrenador online marat\u00f3n - Toni Pe\u00f1a","description":"Planes de entrenamiento running, consejos y recomendaciones de la mano de Toni Pe\u00f1a.","potentialAction":[{"@type":"SearchAction","target":{"@type":"EntryPoint","urlTemplate":"https:\/\/www.bikilo-running.es\/blog\/?s={search_term_string}"},"query-input":{"@type":"PropertyValueSpecification","valueRequired":true,"valueName":"search_term_string"}}],"inLanguage":"es"}]}},"_links":{"self":[{"href":"https:\/\/www.bikilo-running.es\/blog\/wp-json\/wp\/v2\/pages\/3703","targetHints":{"allow":["GET"]}}],"collection":[{"href":"https:\/\/www.bikilo-running.es\/blog\/wp-json\/wp\/v2\/pages"}],"about":[{"href":"https:\/\/www.bikilo-running.es\/blog\/wp-json\/wp\/v2\/types\/page"}],"author":[{"embeddable":true,"href":"https:\/\/www.bikilo-running.es\/blog\/wp-json\/wp\/v2\/users\/1"}],"replies":[{"embeddable":true,"href":"https:\/\/www.bikilo-running.es\/blog\/wp-json\/wp\/v2\/comments?post=3703"}],"version-history":[{"count":13,"href":"https:\/\/www.bikilo-running.es\/blog\/wp-json\/wp\/v2\/pages\/3703\/revisions"}],"predecessor-version":[{"id":3717,"href":"https:\/\/www.bikilo-running.es\/blog\/wp-json\/wp\/v2\/pages\/3703\/revisions\/3717"}],"wp:attachment":[{"href":"https:\/\/www.bikilo-running.es\/blog\/wp-json\/wp\/v2\/media?parent=3703"}],"curies":[{"name":"wp","href":"https:\/\/api.w.org\/{rel}","templated":true}]}}