{"id":740,"date":"2018-05-12T19:23:45","date_gmt":"2018-05-12T17:23:45","guid":{"rendered":"http:\/\/www.bikilo-running.es\/blog\/?page_id=740"},"modified":"2018-07-11T18:34:16","modified_gmt":"2018-07-11T16:34:16","slug":"politica-privacidad","status":"publish","type":"page","link":"https:\/\/www.bikilo-running.es\/blog\/politica-privacidad\/","title":{"rendered":"Bikilo Running. Pol\u00edtica de privacidad."},"content":{"rendered":"<div class=\"wrapper wrapper-first\" style=\"text-align:left;\">\n<article class=\"container\">\n<div class=\"row\">\n<div class=\"12u\">\n<h3 style=\"margin-bottom:20px;\">Pol\u00edtica de privacidad del sitio web bikilo running<\/h3>\n<p>\t\t\tLeer y aceptar nuestra pol\u00edtica de privacidad es necesario para que puedas hacer uso de los servicios del sitio web www.bikilo-running.es . Te servir\u00e1 para obtener informaci\u00f3n completa y transparente sobre c\u00f3mo se recaban tus datos en esta web, la finalidad con la que se utiliza esa informaci\u00f3n, los sistemas de captura que utilizamos y las herramientas con las que gestionamos esa informaci\u00f3n.<\/p>\n<p>En esta web se respetan y cuidan los datos personales de los usuarios. Como usuario debes saber que tus derechos est\u00e1n garantizados.<\/p>\n<p>Si eres menor de 13 a\u00f1os, es necesario el consentimiento de tus padres para registrarte como usuario.<\/p>\n<p>Esta web ha sido adecuada a las exigencias de Ley Org\u00e1nica 15\/1999, de 13 de diciembre, de Protecci\u00f3n de Datos de Car\u00e1cter Personal (LOPD), y al Real Decreto 1720\/2007, de 21 de diciembre, conocido como el Reglamento de desarrollo de la LOPD. Cumple tambi\u00e9n con el Reglamento (UE) 2016\/679 del Parlamento Europeo y del Consejo de 27 de abril de 2016 relativo a la protecci\u00f3n de las personas f\u00edsicas (RGPD), as\u00ed como con la Ley 34\/2002, de 11 de julio, de Servicios de la Sociedad de la Informaci\u00f3n y Comercio Electr\u00f3nico (LSSICE o LSSI).<\/p>\n<h5 style=\"margin:25px 0 12px 0;\">Responsable del tratamiento de tus datos personales<\/h5>\n<p>\t\t\tLa responsabilidad del tratamiento de los datos del sitio web www.bikilo-running.es es de <b>Otsu Sport S.L.<\/b> con domicilio fiscal en la calle Llop, n\u00ba 30 izquierda, con c\u00f3digo postal 07670 de Portocolom (Baleares), CIF B57141798 y direcci\u00f3n electr\u00f3nica de contacto <b>info@bikilo-running.es<\/b>.<\/p>\n<h5 style=\"margin:25px 0 12px 0;\">Principios de aplicaci\u00f3n a tu informaci\u00f3n personal <\/h5>\n<p>\t\t\tPara el tratamiento de los datos que recabamos, aplicamos los siguientes principios:<\/p>\n<ul>\n<li>&#8211; Principio de <b>licitud, lealtad y transparencia<\/b>: siempre te explicaremos para qu\u00e9 estamos recogiendo tus datos y ser\u00e1 necesario tu consentimiento para su tratamiento.<\/li>\n<li>&#8211; Principio de <b>minimizaci\u00f3n de datos<\/b>:  s\u00f3lo te solicitaremos los datos estrictamente necesarios de acuerdo con la finalidad para los que los requerimos.<\/li>\n<li>&#8211; Principio de <b>limitaci\u00f3n del plazo de conservaci\u00f3n<\/b>: los datos ser\u00e1n mantenidos durante no m\u00e1s tiempo del necesario para los fines del tratamiento; en el caso de suscripciones, peri\u00f3dicamente revisaremos nuestras listas y eliminaremos aquellos registros inactivos durante un tiempo considerable.<\/li>\n<li>&#8211; Principio de <b>integridad y confidencialidad<\/b>: tus datos ser\u00e1n tratados de tal manera que se garantice una seguridad adecuada de los datos personales y se garantice confidencialidad.<\/li>\n<\/ul>\n<h5 style=\"margin:25px 0 12px 0;\">\u00bfC\u00f3mo obtenemos tus datos?<\/h5>\n<p>\t\t\tTus datos los podemos obtener desde:<\/p>\n<ul>\n<li>&#8211; Formulario de suscripci\u00f3n<\/li>\n<li>&#8211; Formulario de contacto<\/li>\n<li>&#8211; Mail de solicitud de alta como corredor<\/li>\n<li>&#8211; Comentarios en el blog<\/li>\n<\/ul>\n<h5 style=\"margin:25px 0 12px 0;\">\u00bfCu\u00e1les son tus derechos una vez que has facilitado tus datos?<\/h5>\n<p>\t\t\tTendr\u00e1s derecho a:<\/p>\n<ul>\n<li>&#8211; Derecho de <b>ACCESO<\/b> a tus datos personales<\/li>\n<li>&#8211; Derechos de solicitar la <b>RECTIFICACI\u00d3N<\/b> de los datos inexactos<\/li>\n<li>&#8211; Derecho de solicitar su <b>SUPRESI\u00d3N<\/b> cuando, entre otros motivos, los datos ya no sean necesarios para los fines que fueron recogidos.<\/li>\n<li>&#8211; En determinadas circunstancias, podr\u00e1s solicitar la <b>LIMITACI\u00d3N DEL TRATAMIENTO<\/b> de tus datos, en cuyo caso \u00fanicamente los conservaremos para el ejercicio o la defensa de reclamaciones.<\/li>\n<li>&#8211; En determinadas circunstancias y por motivos relacionados con su situaci\u00f3n particular, los interesados podr\u00e1n ejercitar su derecho de <b>OPOSICI\u00d3N<\/b> al tratamiento de sus datos. Dejaremos de tratar los datos, salvo por motivos leg\u00edtimos imperiosos, o el ejercicio o la defensa de posibles reclamaciones.<\/li>\n<li>&#8211; En determinadas circunstancias y por motivos relacionados con tu situaci\u00f3n particular, podr\u00e1s solicitar su derecho a la <b>PORTABILIDAD<\/b> de los datos.<\/li>\n<\/ul>\n<h5 style=\"margin:25px 0 12px 0;\">\u00bfCon qu\u00e9 finalidad trataremos tus datos personales?<\/h5>\n<p>\t\t\tTrataremos tus datos personales recabados a trav\u00e9s del Sitio Web con las siguientes finalidades:<\/p>\n<ul>\n<li>&#8211; En caso de contrataci\u00f3n de nuestros servicios o productos con el fin de <b>mantener la relaci\u00f3n contractual<\/b> y la gesti\u00f3n, administraci\u00f3n, informaci\u00f3n, prestaci\u00f3n y mejora del servicio.<\/li>\n<li>&#8211; <b>Env\u00edo de informaci\u00f3n<\/b> solicitada a trav\u00e9s de nuestro formulario de contacto<\/li>\n<li>&#8211; El <b>env\u00edo de boletines informativos y otras comunicaciones comerciales<\/b> por correo electr\u00f3nico sobre Bikilo Running y los sectores de atletismo, deporte, entre otros. <\/li>\n<li>&#8211; Pedir la <b>participaci\u00f3n en encuestas<\/b> que ayudan a mejorar el servicio prestado.<\/li>\n<li>&#8211; <b>Notificar cuestiones de servicio o cuenta<\/b> (por ejemplo, restablecer la contrase\u00f1a).<\/li>\n<li>&#8211; En caso de dejar comentarios en el blog es necesario <b>identificarse para participar<\/b>, as\u00ed a partir de la primera vez podr\u00e1s dejar tantos comentarios como quieras.<\/li>\n<\/ul>\n<p>Existen otras finalidades por las que tambi\u00e9n tratamos tus datos personales:<\/p>\n<ul>\n<li>&#8211; Para apoyar y mejorar los servicios que ofrece este sitio web<\/li>\n<li>&#8211; Tambi\u00e9n se recogen otros datos no identificativos que se obtienen mediante algunas cookies que se descargan en el ordenador del usuario cuando navega en esta web que te explicamos m\u00e1s adelante.<\/li>\n<li>&#8211; Para gestionar las redes sociales. El tratamiento de los datos que se lleve a cabo de las personas que se hagan seguidoras en las redes sociales de la p\u00e1gina oficial de Bikilo Running, se regir\u00e1 por este apartado. As\u00ed como por aquellas condiciones de uso, pol\u00edticas de privacidad y normativas de acceso que pertenezcan a la red social que proceda en cada caso. Trataremos sus datos con las finalidades de administrar correctamente su presencia en la red social, informando de actividades, productos o servicios de Bikilo Running. As\u00ed como para cualquier otra finalidad que las normativas de las redes sociales permitan. En ning\u00fan caso utilizaremos los perfiles de seguidores en redes sociales para enviar publicidad de manera individual. <\/li>\n<\/ul>\n<p>No vendemos, ni alquilamos, ni cedemos datos de car\u00e1cter personal que puedan identificar al usuario.<\/p>\n<h5 style=\"margin:25px 0 12px 0;\">Remarketing<\/h5>\n<p>\t\t\tMediante esta funci\u00f3n podemos llegar a usuarios que han visitado anteriormente nuestro sitio web con el objetivo de tratar de que vuelvan a hacerlo. As\u00ed que, recopilamos datos para hacer uso de esta funci\u00f3n.<\/p>\n<p>La informaci\u00f3n que recopilamos gracias a esta funci\u00f3n es recogida por las cookies de Facebook. Puedes conocer los datos que recopilan estas cookies dentro de la pol\u00edtica de privacidad de Facebook.<\/p>\n<p>Si quisiera evitar que esta informaci\u00f3n fuera recopilada, puedes inhabilitar el uso de cookies de Google a trav\u00e9s de la Configuraci\u00f3n de anuncios de Google. <\/p>\n<p>Este tipo de servicios permite interactuar con redes sociales u otras plataformas externas directamente desde las p\u00e1ginas de esta web. Las interacciones y la informaci\u00f3n obtenida por esta web siempre estar\u00e1n sometidas a la configuraci\u00f3n de privacidad del usuario en cada red social. En caso de que se instale un servicio que permita interactuar con redes sociales, es posible que, aunque los usuarios no utilicen el servicio, \u00e9ste recoja datos de tr\u00e1fico web relativos a las p\u00e1ginas en las que est\u00e9n instalados.<\/p>\n<h5 style=\"margin:25px 0 12px 0;\">Cookies<\/h5>\n<p>\t\t\tLas cookies son peque\u00f1os ficheros de datos que se alojan en el terminal del Usuario visitante del Sitio Web y que contienen cierta informaci\u00f3n de la visita a la p\u00e1gina. El presente Sitio Web utiliza cookies \u00fanicamente con el fin de facilitar la navegaci\u00f3n de los Usuarios.<\/p>\n<p>Utilizamos cookies para realizar un seguimiento del uso de las p\u00e1ginas y las tendencias, para mejorar la calidad de nuestro servicio, as\u00ed como para personalizar tu experiencia.<\/p>\n<p>Si no deseas recibir cookies, puedes cambiar la configuraci\u00f3n de tu navegador. Si usas Bikilo Running sin cambiar la configuraci\u00f3n de tu navegador, deduciremos que deseas recibir cookies del sitio web de Bikilo Running. Ten en cuenta que el sitio de Bikilo Running no funcionar\u00e1 correctamente sin las cookies.<\/p>\n<p>Las cookies que utilizamos son las siguientes:<\/p>\n<ul>\n<li>&#8211; <b>Autenticaci\u00f3n<\/b>: nos permite reconocer cuando un Usuario inicia sesi\u00f3n para mostrarle las funciones m\u00e1s adecuadas.<\/li>\n<li>&#8211; <b>Rendimiento, an\u00e1lisis e investigaci\u00f3n<\/b>: estas cookies nos permite conocer el rendimiento del sitio web y comprender c\u00f3mo lo usan nuestros Usuarios. Esto permite generar productos o funciones nuevas adaptadas a las demandas de funcionamiento. Utilizamos Google Analytics para obtener esta informaci\u00f3n.<\/li>\n<\/ul>\n<h5 style=\"margin:25px 0 12px 0;\">Legitimaci\u00f3n<\/h5>\n<p>\t\t\tEl tratamiento de tus datos se realiza seg\u00fan las siguientes bases jur\u00eddicas que legitiman el mismo:<\/p>\n<ul>\n<li>&#8211; La solicitud de informaci\u00f3n y\/o la contrataci\u00f3n de los servicios de Bikilo Running.<\/li>\n<li>&#8211; El consentimiento libre, espec\u00edfico, informado e inequ\u00edvoco, en tanto que te informamos poniendo a tu disposici\u00f3n la presente pol\u00edtica de privacidad, que tras la lectura de la misma, en caso de estar conforme, puedes aceptar mediante una declaraci\u00f3n o una clara acci\u00f3n afirmativa, como el marcado de una casilla dispuesta al efecto.<\/li>\n<\/ul>\n<p>En caso de que no nos facilites tus datos o los hagas de forma err\u00f3nea o incompleta, no podremos atender tu solicitud, resultando del todo imposible proporcionarte la informaci\u00f3n solicitada o llevar a cabo la contrataci\u00f3n de los servicios.<\/p>\n<h5 style=\"margin:25px 0 12px 0;\">Categor\u00eda de datos<\/h5>\n<p>\t\t\tLas categor\u00edas de datos que tratamos son:<\/p>\n<ul>\n<li>&#8211; Datos identificativos: nombre, email, fecha de nacimiento.<\/li>\n<li>&#8211; Otros datos como lugar de residencia, marcas en competici\u00f3n.<\/li>\n<\/ul>\n<p>No se tratan categor\u00edas de datos especialmente protegidos.<\/p>\n<h5 style=\"margin:25px 0 12px 0;\">Destinatarios<\/h5>\n<p>Contamos con algunas herramientas externas que tendr\u00e1n acceso a tus datos:<\/p>\n<ul>\n<li>&#8211; Google Analytics: un servicio anal\u00edtico de web prestado por Google, Inc., una compa\u00f1\u00eda de Delaware cuya oficina principal est\u00e1 en 1600 Amphitheatre Parkway, Mountain View (California), CA 94043, Estados Unidos (\u201cGoogle\u201d). Google Analytics utiliza \u201ccookies\u201d, la informaci\u00f3n generada por \u00e9sta acerca de su uso en nuestro sitio web (incluyendo tu direcci\u00f3n IP) ser\u00e1 directamente transmitida y archivada por Google en los servidores de Estados Unidos.<\/li>\n<li>&#8211; Email marketing: Para realizar campa\u00f1as de email markeitng y enviar la newsletter utilizamos Mail Chimp, propiedad de The Rocket Science Group LLC (MailChimp ), con domicilio en EEUU adherido a Privacy Shield.<\/li>\n<li>&#8211; Hosting: Hostinet, S.L.U. C\/ Hurtado de Amezaga 20, 4\u00ba, C.P. 48008, Bilbao, Bizkaia (Hostinet) utiliza los datos con la finalidad de prestar los servicios propios de un hosting.<\/li>\n<li>&#8211; MyTrainik: para proporcionarte un plan de entrenamiento y tener interacci\u00f3n utilizamos un software de Greetik Soluciones S.L., Calle Sagitario, 9, 10001, C\u00e1ceres.<\/li>\n<\/ul>\n<h5 style=\"margin:25px 0 12px 0;\">Secreto y seguridad de los datos<\/h5>\n<p>En la utilizaci\u00f3n de los datos incluidos en nuestro fichero, Bikilo Running se compromete a respetar la confidencialidad y a utilizarlos de acuerdo con las finalidades definidas, as\u00ed como a dar cumplimiento a su obligaci\u00f3n de guardarlos y adaptar todas las medidas para evitar la alteraci\u00f3n, p\u00e9rdida, tratamiento o acceso no autorizado de acuerdo con lo establecido en el Real Decreto 1720\/2007, de 21 de diciembre, por el que se aprueba el Reglamento de desarrollo de la LOPD (en adelante \u201cROPD\u201d). <\/p>\n<p>Esta web incluye un certificado SSL. Se trata de un protocolo de seguridad que hace que tus datos viajen de manera \u00edntegra y segura, es decir, la transmisi\u00f3n de los datos entre un servidor y usuario web, y en retroalimentaci\u00f3n, es totalmente cifrada o encriptada.<\/p>\n<p>No podemos garantizar la absoluta inexpugnabilidad de la red Internet y por tanto la violaci\u00f3n de los datos mediante accesos fraudulentos a ellos por parte de terceros.<\/p>\n<h5 style=\"margin:25px 0 12px 0;\">Responsabilidad del Usuario<\/h5>\n<p>Eres el \u00fanico responsable de la informaci\u00f3n suministrada tanto en tu registro como de la que facilites a trav\u00e9s de tu participaci\u00f3n en la web o solicitud de informaci\u00f3n. Por tanto, eres quien garantiza que la Informaci\u00f3n Personal facilitada a Bikilo Running es veraz y te haces responsable de comunicarnos cualquier modificaci\u00f3n de la misma.<\/p>\n<p>Tambi\u00e9n eres responsable de mantener la confidencialidad de tu contrase\u00f1a, as\u00ed como de todas las actividades que ocurran en la sesi\u00f3n iniciada con tu nombre de usuario y contrase\u00f1a. Deber\u00e1s comprometerte a notificar a Bikilo Running a la mayor brevedad, el uso no autorizado de tu nombre de usuario y contrase\u00f1a o cualquier otro fallo en la seguridad. Bikilo Running no ser\u00e1 responsable por los da\u00f1os o p\u00e9rdidas que se pudieran originar debido al no cumplimiento de esta obligaci\u00f3n por tu parte.<\/p>\n<h5 style=\"margin:25px 0 12px 0;\">Transacci\u00f3n corporativa<\/h5>\n<p>El Usuario autoriza y acepta expresamente que en el caso de que Bikilo Running fuera adquirida por otra empresa o sus activos fueran comprados por un tercero sus datos ser\u00e1n cedidos a esa empresa o tercero sin necesidad de que se recabe su consentimiento, siempre que en dicha cesi\u00f3n se respete la finalidad y objeto para el que fueron inicialmente recabados esos datos. Asimismo, y en la medida de lo posible, Bikilo Running informar\u00e1 con car\u00e1cter general a todos sus Usuarios de la referida adquisici\u00f3n o compra a trav\u00e9s del Sitio Web.<\/p>\n<h5 style=\"margin:25px 0 12px 0;\">Aceptaci\u00f3n y consentimiento<\/h5>\n<p>El usuario declara haber sido informado de las condiciones sobre protecci\u00f3n de datos de car\u00e1cter personal, aceptando y consintiendo el tratamiento de los mismos por parte de Bikilo Running en la forma y para las finalidades indicadas en esta pol\u00edtica de privacidad.<\/p>\n<h5 style=\"margin:25px 0 12px 0;\">Modificaciones<\/h5>\n<p>Bikilo Running se reserva el derecho de modificar su Pol\u00edtica de Protecci\u00f3n de Datos de acuerdo con la legislaci\u00f3n aplicable en cada momento. Cualquier modificaci\u00f3n de la Pol\u00edtica de Protecci\u00f3n de Datos ser\u00e1 publicada en el Sitio Web. Recomendamos que se visite esta Pol\u00edtica de Privacidad con regularidad para estar al d\u00eda de las modificaciones que se pudieran producir.\n\t\t\t<\/p><\/div>\n<\/p><\/div>\n<\/article>\n<\/div>\n","protected":false},"excerpt":{"rendered":"<p>Pol&iacute;tica de privacidad del sitio web bikilo running Leer y aceptar nuestra pol&iacute;tica de privacidad es necesario para que puedas hacer uso de los servicios <span class=\"ellipsis\">&hellip;<\/span> <span class=\"entry-more-link-wrapper\"><a href=\"https:\/\/www.bikilo-running.es\/blog\/politica-privacidad\/\" class=\"entry-more-link entry-more-link-excerpt btn btn-primary\"><span>Leer m\u00e1s<\/span><\/a><\/span><\/p>\n","protected":false},"author":1,"featured_media":0,"parent":0,"menu_order":0,"comment_status":"closed","ping_status":"closed","template":"template-full-width.php","meta":{"footnotes":""},"class_list":["post-740","page","type-page","status-publish","hentry"],"yoast_head":"<!-- This site is optimized with the Yoast SEO plugin v27.5 - https:\/\/yoast.com\/product\/yoast-seo-wordpress\/ -->\n<title>Bikilo Running. Pol\u00edtica de privacidad. - Entrenador online marat\u00f3n - Toni Pe\u00f1a<\/title>\n<meta name=\"description\" content=\"Pol\u00edtica de privacidad del sitio web bikilo running Leer y aceptar nuestra pol\u00edtica de privacidad es necesario para que puedas hacer uso de los servicios\" \/>\n<meta name=\"robots\" content=\"index, follow, max-snippet:-1, max-image-preview:large, max-video-preview:-1\" \/>\n<link rel=\"canonical\" href=\"https:\/\/www.bikilo-running.es\/blog\/politica-privacidad\/\" \/>\n<meta property=\"og:locale\" content=\"es_ES\" \/>\n<meta property=\"og:type\" content=\"article\" \/>\n<meta property=\"og:title\" content=\"Bikilo Running. Pol\u00edtica de privacidad. - Entrenador online marat\u00f3n - Toni Pe\u00f1a\" \/>\n<meta property=\"og:description\" content=\"Pol\u00edtica de privacidad del sitio web bikilo running Leer y aceptar nuestra pol\u00edtica de privacidad es necesario para que puedas hacer uso de los servicios\" \/>\n<meta property=\"og:url\" content=\"https:\/\/www.bikilo-running.es\/blog\/politica-privacidad\/\" \/>\n<meta property=\"og:site_name\" content=\"Entrenador online marat\u00f3n - Toni Pe\u00f1a\" \/>\n<meta property=\"article:modified_time\" content=\"2018-07-11T16:34:16+00:00\" \/>\n<meta name=\"twitter:label1\" content=\"Tiempo de lectura\" \/>\n\t<meta name=\"twitter:data1\" content=\"11 minutos\" \/>\n<script type=\"application\/ld+json\" class=\"yoast-schema-graph\">{\"@context\":\"https:\\\/\\\/schema.org\",\"@graph\":[{\"@type\":\"WebPage\",\"@id\":\"https:\\\/\\\/www.bikilo-running.es\\\/blog\\\/politica-privacidad\\\/\",\"url\":\"https:\\\/\\\/www.bikilo-running.es\\\/blog\\\/politica-privacidad\\\/\",\"name\":\"Bikilo Running. Pol\u00edtica de privacidad. - Entrenador online marat\u00f3n - Toni Pe\u00f1a\",\"isPartOf\":{\"@id\":\"https:\\\/\\\/www.bikilo-running.es\\\/blog\\\/#website\"},\"datePublished\":\"2018-05-12T17:23:45+00:00\",\"dateModified\":\"2018-07-11T16:34:16+00:00\",\"description\":\"Pol\u00edtica de privacidad del sitio web bikilo running Leer y aceptar nuestra pol\u00edtica de privacidad es necesario para que puedas hacer uso de los servicios\",\"breadcrumb\":{\"@id\":\"https:\\\/\\\/www.bikilo-running.es\\\/blog\\\/politica-privacidad\\\/#breadcrumb\"},\"inLanguage\":\"es\",\"potentialAction\":[{\"@type\":\"ReadAction\",\"target\":[\"https:\\\/\\\/www.bikilo-running.es\\\/blog\\\/politica-privacidad\\\/\"]}]},{\"@type\":\"BreadcrumbList\",\"@id\":\"https:\\\/\\\/www.bikilo-running.es\\\/blog\\\/politica-privacidad\\\/#breadcrumb\",\"itemListElement\":[{\"@type\":\"ListItem\",\"position\":1,\"name\":\"Portada\",\"item\":\"https:\\\/\\\/www.bikilo-running.es\\\/blog\\\/\"},{\"@type\":\"ListItem\",\"position\":2,\"name\":\"Bikilo Running. Pol\u00edtica de privacidad.\"}]},{\"@type\":\"WebSite\",\"@id\":\"https:\\\/\\\/www.bikilo-running.es\\\/blog\\\/#website\",\"url\":\"https:\\\/\\\/www.bikilo-running.es\\\/blog\\\/\",\"name\":\"Entrenador online marat\u00f3n - Toni Pe\u00f1a\",\"description\":\"Planes de entrenamiento running, consejos y recomendaciones de la mano de Toni Pe\u00f1a.\",\"potentialAction\":[{\"@type\":\"SearchAction\",\"target\":{\"@type\":\"EntryPoint\",\"urlTemplate\":\"https:\\\/\\\/www.bikilo-running.es\\\/blog\\\/?s={search_term_string}\"},\"query-input\":{\"@type\":\"PropertyValueSpecification\",\"valueRequired\":true,\"valueName\":\"search_term_string\"}}],\"inLanguage\":\"es\"}]}<\/script>\n<!-- \/ Yoast SEO plugin. -->","yoast_head_json":{"title":"Bikilo Running. Pol\u00edtica de privacidad. - Entrenador online marat\u00f3n - Toni Pe\u00f1a","description":"Pol\u00edtica de privacidad del sitio web bikilo running Leer y aceptar nuestra pol\u00edtica de privacidad es necesario para que puedas hacer uso de los servicios","robots":{"index":"index","follow":"follow","max-snippet":"max-snippet:-1","max-image-preview":"max-image-preview:large","max-video-preview":"max-video-preview:-1"},"canonical":"https:\/\/www.bikilo-running.es\/blog\/politica-privacidad\/","og_locale":"es_ES","og_type":"article","og_title":"Bikilo Running. Pol\u00edtica de privacidad. - Entrenador online marat\u00f3n - Toni Pe\u00f1a","og_description":"Pol\u00edtica de privacidad del sitio web bikilo running Leer y aceptar nuestra pol\u00edtica de privacidad es necesario para que puedas hacer uso de los servicios","og_url":"https:\/\/www.bikilo-running.es\/blog\/politica-privacidad\/","og_site_name":"Entrenador online marat\u00f3n - Toni Pe\u00f1a","article_modified_time":"2018-07-11T16:34:16+00:00","twitter_misc":{"Tiempo de lectura":"11 minutos"},"schema":{"@context":"https:\/\/schema.org","@graph":[{"@type":"WebPage","@id":"https:\/\/www.bikilo-running.es\/blog\/politica-privacidad\/","url":"https:\/\/www.bikilo-running.es\/blog\/politica-privacidad\/","name":"Bikilo Running. Pol\u00edtica de privacidad. - Entrenador online marat\u00f3n - Toni Pe\u00f1a","isPartOf":{"@id":"https:\/\/www.bikilo-running.es\/blog\/#website"},"datePublished":"2018-05-12T17:23:45+00:00","dateModified":"2018-07-11T16:34:16+00:00","description":"Pol\u00edtica de privacidad del sitio web bikilo running Leer y aceptar nuestra pol\u00edtica de privacidad es necesario para que puedas hacer uso de los servicios","breadcrumb":{"@id":"https:\/\/www.bikilo-running.es\/blog\/politica-privacidad\/#breadcrumb"},"inLanguage":"es","potentialAction":[{"@type":"ReadAction","target":["https:\/\/www.bikilo-running.es\/blog\/politica-privacidad\/"]}]},{"@type":"BreadcrumbList","@id":"https:\/\/www.bikilo-running.es\/blog\/politica-privacidad\/#breadcrumb","itemListElement":[{"@type":"ListItem","position":1,"name":"Portada","item":"https:\/\/www.bikilo-running.es\/blog\/"},{"@type":"ListItem","position":2,"name":"Bikilo Running. Pol\u00edtica de privacidad."}]},{"@type":"WebSite","@id":"https:\/\/www.bikilo-running.es\/blog\/#website","url":"https:\/\/www.bikilo-running.es\/blog\/","name":"Entrenador online marat\u00f3n - Toni Pe\u00f1a","description":"Planes de entrenamiento running, consejos y recomendaciones de la mano de Toni Pe\u00f1a.","potentialAction":[{"@type":"SearchAction","target":{"@type":"EntryPoint","urlTemplate":"https:\/\/www.bikilo-running.es\/blog\/?s={search_term_string}"},"query-input":{"@type":"PropertyValueSpecification","valueRequired":true,"valueName":"search_term_string"}}],"inLanguage":"es"}]}},"_links":{"self":[{"href":"https:\/\/www.bikilo-running.es\/blog\/wp-json\/wp\/v2\/pages\/740","targetHints":{"allow":["GET"]}}],"collection":[{"href":"https:\/\/www.bikilo-running.es\/blog\/wp-json\/wp\/v2\/pages"}],"about":[{"href":"https:\/\/www.bikilo-running.es\/blog\/wp-json\/wp\/v2\/types\/page"}],"author":[{"embeddable":true,"href":"https:\/\/www.bikilo-running.es\/blog\/wp-json\/wp\/v2\/users\/1"}],"replies":[{"embeddable":true,"href":"https:\/\/www.bikilo-running.es\/blog\/wp-json\/wp\/v2\/comments?post=740"}],"version-history":[{"count":37,"href":"https:\/\/www.bikilo-running.es\/blog\/wp-json\/wp\/v2\/pages\/740\/revisions"}],"predecessor-version":[{"id":1866,"href":"https:\/\/www.bikilo-running.es\/blog\/wp-json\/wp\/v2\/pages\/740\/revisions\/1866"}],"wp:attachment":[{"href":"https:\/\/www.bikilo-running.es\/blog\/wp-json\/wp\/v2\/media?parent=740"}],"curies":[{"name":"wp","href":"https:\/\/api.w.org\/{rel}","templated":true}]}}